{"id":2,"date":"2024-01-18T20:44:01","date_gmt":"2024-01-18T23:44:01","guid":{"rendered":"https:\/\/thewildness.org\/?page_id=2"},"modified":"2024-01-18T20:44:01","modified_gmt":"2024-01-18T23:44:01","slug":"pagina-de-ejemplo","status":"publish","type":"page","link":"https:\/\/thewildness.org\/en\/pagina-de-ejemplo\/","title":{"rendered":"P\u00e1gina de ejemplo"},"content":{"rendered":"\n<p>Esta es una p\u00e1gina de ejemplo. Es diferente de una entrada de blog porque se quedar\u00e1 en ese lugar y se mostrar\u00e1 en la navegaci\u00f3n de tu sitio (en la mayor\u00eda de los temas). La mayor\u00eda de la gente comienza con una p\u00e1gina de acerca de que los introduce a los visitantes potenciales del sitio. Podr\u00eda decir algo como esto:<\/p>\n\n\n\n<blockquote class=\"wp-block-quote is-layout-flow wp-block-quote-is-layout-flow\"><p>\u00a1Hola! Soy un Mensajero en bici durante el d\u00eda, aspirante a actor de noche, y este es mi sitio Web. Vivo en los \u00c1ngeles, tengo un gran perro llamado Jack, y me gustan las pi\u00f1as coladas. (Y estar atrapados en la lluvia.)<\/p><\/blockquote>\n\n\n\n<p>&#8230; o algo as\u00ed:<\/p>\n\n\n\n<blockquote class=\"wp-block-quote is-layout-flow wp-block-quote-is-layout-flow\"><p>La Empresa Cosas XYZ fue fundada en 1971, y ha estado proporcionando cosas de calidad al p\u00fablico desde entonces. Ubicado en la ciudad de Gotham, XYZ emplea a m\u00e1s de 2.000 personas y hace todo tipo de cosas impresionantes para la comunidad g\u00f3tica.<\/p><\/blockquote>\n\n\n\n<p>Como nuevo usuario de WordPress, debes ir a <a href=\"https:\/\/thewildness.org\/wp-admin\/\">tu Dashboard<\/a> para eliminar esta p\u00e1gina, y as\u00ed crear nuevas p\u00e1ginas para su contenido. \u00a1Que te diviertas!<\/p>\n","protected":false},"excerpt":{"rendered":"<p>Esta es una p\u00e1gina de ejemplo. Es diferente de una entrada de blog porque se quedar\u00e1 en ese lugar y [&hellip;]<\/p>\n","protected":false},"author":1,"featured_media":0,"parent":0,"menu_order":0,"comment_status":"closed","ping_status":"open","template":"","meta":{"_acf_changed":false,"footnotes":""},"class_list":["post-2","page","type-page","status-publish","hentry"],"acf":[],"yoast_head":"<!-- This site is optimized with the Yoast SEO plugin v25.3.1 - https:\/\/yoast.com\/wordpress\/plugins\/seo\/ -->\n<title>P\u00e1gina de ejemplo - The Wildness<\/title>\n<meta name=\"robots\" content=\"index, follow, max-snippet:-1, max-image-preview:large, max-video-preview:-1\" \/>\n<link rel=\"canonical\" href=\"https:\/\/thewildness.org\/en\/pagina-de-ejemplo\/\" \/>\n<meta property=\"og:locale\" content=\"en_GB\" \/>\n<meta property=\"og:type\" content=\"article\" \/>\n<meta property=\"og:title\" content=\"P\u00e1gina de ejemplo - The Wildness\" \/>\n<meta property=\"og:description\" content=\"Esta es una p\u00e1gina de ejemplo. Es diferente de una entrada de blog porque se quedar\u00e1 en ese lugar y [&hellip;]\" \/>\n<meta property=\"og:url\" content=\"https:\/\/thewildness.org\/en\/pagina-de-ejemplo\/\" \/>\n<meta property=\"og:site_name\" content=\"The Wildness\" \/>\n<meta property=\"article:publisher\" content=\"https:\/\/www.facebook.com\/wildness.org?mibextid=LQQJ4d\" \/>\n<meta name=\"twitter:card\" content=\"summary_large_image\" \/>\n<meta name=\"twitter:label1\" content=\"Estimated reading time\" \/>\n\t<meta name=\"twitter:data1\" content=\"1 minute\" \/>\n<script type=\"application\/ld+json\" class=\"yoast-schema-graph\">{\"@context\":\"https:\/\/schema.org\",\"@graph\":[{\"@type\":\"WebPage\",\"@id\":\"https:\/\/thewildness.org\/pagina-de-ejemplo\/\",\"url\":\"https:\/\/thewildness.org\/pagina-de-ejemplo\/\",\"name\":\"P\u00e1gina de ejemplo - The Wildness\",\"isPartOf\":{\"@id\":\"https:\/\/thewildness.org\/#website\"},\"datePublished\":\"2024-01-18T23:44:01+00:00\",\"breadcrumb\":{\"@id\":\"https:\/\/thewildness.org\/pagina-de-ejemplo\/#breadcrumb\"},\"inLanguage\":\"en-GB\",\"potentialAction\":[{\"@type\":\"ReadAction\",\"target\":[\"https:\/\/thewildness.org\/pagina-de-ejemplo\/\"]}]},{\"@type\":\"BreadcrumbList\",\"@id\":\"https:\/\/thewildness.org\/pagina-de-ejemplo\/#breadcrumb\",\"itemListElement\":[{\"@type\":\"ListItem\",\"position\":1,\"name\":\"Portada\",\"item\":\"https:\/\/thewildness.org\/\"},{\"@type\":\"ListItem\",\"position\":2,\"name\":\"P\u00e1gina de ejemplo\"}]},{\"@type\":\"WebSite\",\"@id\":\"https:\/\/thewildness.org\/#website\",\"url\":\"https:\/\/thewildness.org\/\",\"name\":\"The Wildness\",\"description\":\"\",\"publisher\":{\"@id\":\"https:\/\/thewildness.org\/#organization\"},\"potentialAction\":[{\"@type\":\"SearchAction\",\"target\":{\"@type\":\"EntryPoint\",\"urlTemplate\":\"https:\/\/thewildness.org\/?s={search_term_string}\"},\"query-input\":{\"@type\":\"PropertyValueSpecification\",\"valueRequired\":true,\"valueName\":\"search_term_string\"}}],\"inLanguage\":\"en-GB\"},{\"@type\":\"Organization\",\"@id\":\"https:\/\/thewildness.org\/#organization\",\"name\":\"The Wildness\",\"url\":\"https:\/\/thewildness.org\/\",\"logo\":{\"@type\":\"ImageObject\",\"inLanguage\":\"en-GB\",\"@id\":\"https:\/\/thewildness.org\/#\/schema\/logo\/image\/\",\"url\":null,\"contentUrl\":null,\"width\":null,\"height\":null,\"caption\":\"The Wildness\"},\"image\":{\"@id\":\"https:\/\/thewildness.org\/#\/schema\/logo\/image\/\"},\"sameAs\":[\"https:\/\/www.facebook.com\/wildness.org?mibextid=LQQJ4d\",\"https:\/\/www.instagram.com\/wildness_org\/\"]}]}<\/script>\n<!-- \/ Yoast SEO plugin. -->","yoast_head_json":{"title":"P\u00e1gina de ejemplo - The Wildness","robots":{"index":"index","follow":"follow","max-snippet":"max-snippet:-1","max-image-preview":"max-image-preview:large","max-video-preview":"max-video-preview:-1"},"canonical":"https:\/\/thewildness.org\/en\/pagina-de-ejemplo\/","og_locale":"en_GB","og_type":"article","og_title":"P\u00e1gina de ejemplo - The Wildness","og_description":"Esta es una p\u00e1gina de ejemplo. Es diferente de una entrada de blog porque se quedar\u00e1 en ese lugar y [&hellip;]","og_url":"https:\/\/thewildness.org\/en\/pagina-de-ejemplo\/","og_site_name":"The Wildness","article_publisher":"https:\/\/www.facebook.com\/wildness.org?mibextid=LQQJ4d","twitter_card":"summary_large_image","twitter_misc":{"Estimated reading time":"1 minute"},"schema":{"@context":"https:\/\/schema.org","@graph":[{"@type":"WebPage","@id":"https:\/\/thewildness.org\/pagina-de-ejemplo\/","url":"https:\/\/thewildness.org\/pagina-de-ejemplo\/","name":"P\u00e1gina de ejemplo - The Wildness","isPartOf":{"@id":"https:\/\/thewildness.org\/#website"},"datePublished":"2024-01-18T23:44:01+00:00","breadcrumb":{"@id":"https:\/\/thewildness.org\/pagina-de-ejemplo\/#breadcrumb"},"inLanguage":"en-GB","potentialAction":[{"@type":"ReadAction","target":["https:\/\/thewildness.org\/pagina-de-ejemplo\/"]}]},{"@type":"BreadcrumbList","@id":"https:\/\/thewildness.org\/pagina-de-ejemplo\/#breadcrumb","itemListElement":[{"@type":"ListItem","position":1,"name":"Portada","item":"https:\/\/thewildness.org\/"},{"@type":"ListItem","position":2,"name":"P\u00e1gina de ejemplo"}]},{"@type":"WebSite","@id":"https:\/\/thewildness.org\/#website","url":"https:\/\/thewildness.org\/","name":"The Wildness","description":"","publisher":{"@id":"https:\/\/thewildness.org\/#organization"},"potentialAction":[{"@type":"SearchAction","target":{"@type":"EntryPoint","urlTemplate":"https:\/\/thewildness.org\/?s={search_term_string}"},"query-input":{"@type":"PropertyValueSpecification","valueRequired":true,"valueName":"search_term_string"}}],"inLanguage":"en-GB"},{"@type":"Organization","@id":"https:\/\/thewildness.org\/#organization","name":"The Wildness","url":"https:\/\/thewildness.org\/","logo":{"@type":"ImageObject","inLanguage":"en-GB","@id":"https:\/\/thewildness.org\/#\/schema\/logo\/image\/","url":null,"contentUrl":null,"width":null,"height":null,"caption":"The Wildness"},"image":{"@id":"https:\/\/thewildness.org\/#\/schema\/logo\/image\/"},"sameAs":["https:\/\/www.facebook.com\/wildness.org?mibextid=LQQJ4d","https:\/\/www.instagram.com\/wildness_org\/"]}]}},"_links":{"self":[{"href":"https:\/\/thewildness.org\/en\/wp-json\/wp\/v2\/pages\/2","targetHints":{"allow":["GET"]}}],"collection":[{"href":"https:\/\/thewildness.org\/en\/wp-json\/wp\/v2\/pages"}],"about":[{"href":"https:\/\/thewildness.org\/en\/wp-json\/wp\/v2\/types\/page"}],"author":[{"embeddable":true,"href":"https:\/\/thewildness.org\/en\/wp-json\/wp\/v2\/users\/1"}],"replies":[{"embeddable":true,"href":"https:\/\/thewildness.org\/en\/wp-json\/wp\/v2\/comments?post=2"}],"version-history":[{"count":0,"href":"https:\/\/thewildness.org\/en\/wp-json\/wp\/v2\/pages\/2\/revisions"}],"wp:attachment":[{"href":"https:\/\/thewildness.org\/en\/wp-json\/wp\/v2\/media?parent=2"}],"curies":[{"name":"wp","href":"https:\/\/api.w.org\/{rel}","templated":true}]}}