{"id":8,"date":"2024-01-18T20:52:59","date_gmt":"2024-01-18T23:52:59","guid":{"rendered":"https:\/\/thewildness.org\/?page_id=8"},"modified":"2025-07-03T19:41:35","modified_gmt":"2025-07-03T22:41:35","slug":"inicio","status":"publish","type":"page","link":"https:\/\/thewildness.org\/es\/","title":{"rendered":"Inicio"},"content":{"rendered":"<section class=\"container-fluid\"> <!--BANNER PRINICIA\u00a8L-->\n\t<div class=\"custom-back-banner d-none d-md-flex\"> \n\t\t<video class=\"custom-back-banner\" playsinline autoplay muted loop id=\"bgvid\" style=\"min-height: 100%; min-width:100%; object-fit:fill;\">\t\t  \n\t\t  <source src=\"https:\/\/thewildness.org\/wp-content\/uploads\/2025\/07\/WILDNESS-HOMEPAGE-1.mp4\" type=\"video\/mp4\">\n\t\t<\/video>\n\t<\/div>\n\t<div class=\"custom-back-banner d-md-none\"> \n\t\t<video class=\"custom-back-banner\" playsinline autoplay muted loop id=\"bgvid\" style=\"min-height: 100%; min-width:100%; object-fit:fill;\">\t\t  \n\t\t  <source src=\"https:\/\/thewildness.org\/wp-content\/uploads\/2025\/07\/WILDNESS-HOMEPAGE-MOVIL-HD-1.mp4\" type=\"video\/mp4\">\n\t\t<\/video>\n\t<\/div>\n      <div class=\"row custom-back-banner d-flex pt-5 px-1 px-lg-5 align-content-center justify-content-center\" style=\"background: linear-gradient(90deg, rgba(0,0,0,0.5) , rgba(0, 0, 0, 0.5)); z-index: 5; position: absolute; top: 0;\">\n\t\t  <div class='d-block' style='max-width:1500px;'>\n\t\t\t<div class=\"col-12 text-white me-auto mb-5 d-block pb-3 pb-lg-auto banner-prin\">\n\t\t\t  <h1 class=\"txt-banner-prin fw-bold w-75 d-none d-lg-flex\" style=\"color:white;\">Capturando emociones en la naturaleza<\/h1>\n\t\t\t\t<h1 class=\"txt-banner-prin fw-bold d-flex d-lg-none\" style=\"color:white;\">Capturando emociones en la naturaleza<\/h1>\n\n\t\t\t\t<div class=\"d-flex mt-5\">\n\t\t\t\t<a href=\"https:\/\/www.facebook.com\/wildness.org?mibextid=LQQJ4d\" target=\"_blank\"><i class=\"fa-brands fa-facebook border border-white rounded-circle  me-3\" style=\"color: #ffffff; font-size: 30px; padding: 15px;\" aria-hidden=\"true\"><\/i><\/a>\n\t\t\t\t<a href=\"https:\/\/www.instagram.com\/wildness_org?igsh=MXQ4eGVzY2prNm1ibA==\" target=\"_blank\"><i class=\"fa-brands fa-instagram border border-white rounded-circle  me-3\" style=\"color: #ffffff; font-size: 30px; padding: 15px;\" aria-hidden=\"true\"><\/i><\/a>\n\t\t\t\t<\/div>\n\t\t\t<\/div>\n        <\/div>\n          \n        <\/div>\n    <\/section>\n  \n\n\t\n    <section class=\"container\"><!--CT-->\n    <div class=\"row my-5\">\t\t\n\t\t<div class='rep'>\n\t\t\t\t\t\t\n\t\t\t<div class='d-md-flex d-grid'>\n\t\t\t\t\n\t\t\t\t<div class=\"col-md-6 col-12 py-4  order-2 order-md-1   d-block align-content-md-center align-content-center py-md-5\">\n\t\t\t\t\t<div class=\"px-md-3 px-0 mb-lg-5 mb-md-3 mb-1\">\n\t\t\t\t\t\t<h2 class=\"fw-bold mb-lg-5 mb-3 fs-60px lh-1\">Capturando emociones en la naturaleza<\/h2>\n\t\t\t\t\t\t<div class=\"mb-3 pe-1 mb-lg-5 mb-md-3 pe-lg-5\"><p>Tenemos la convicci\u00f3n de que las emociones pueden cambiar el mundo. Wildness produce contenido audiovisual y fotogr\u00e1fico que marca la diferencia explorando la esencia de la aventura. El contenido es creado por Timothy Dhalleine, galardonado varias veces por sus cortometrajes y fotograf\u00eda de naturaleza.<\/p>\n<\/div>\n\t\t\t\t\t\t<div class=\"mt-5 d-lg-flex d-block\">\n\t\t\t\t\t\t\t\t\t\t\t\t\t\t\n\t\t\t\t\t\t\t\t\t<a type=\"button\" class=\"btn align-content-center btn-primary px-3 rounded-pill me-3 mb-3\" href=\"https:\/\/thewildness.org\/es\/content-creation\/\"> M\u00e1s informaci\u00f3n <i class=\"my-auto ms-3 fa-solid fa-chevron-right\" style=\"color: #ffffff;\"><\/i><\/a>\n\t\t\t\t\t\t\t\t\t\t\t\t\t<\/div>\n\t\t\t\t\t<\/div>\n\t\t\t\n\t\t\t\t  <\/div>\n\t\t\t\t  <div class=\"col-md-6 col-12 order-1 order-md-2\">\n\t\t\t\t\t<div class=\"text-center px-md-3 px-0\">\n\t\t\t\t\t\t\t<img decoding=\"async\" data-src=\"https:\/\/thewildness.org\/wp-content\/uploads\/2024\/07\/imagen_2024-07-11_194204803.png\" class=\"img-fluid custom-height-home lazyload\"  alt=\"Imagen\" src=\"data:image\/svg+xml;base64,PHN2ZyB3aWR0aD0iMSIgaGVpZ2h0PSIxIiB4bWxucz0iaHR0cDovL3d3dy53My5vcmcvMjAwMC9zdmciPjwvc3ZnPg==\" style=\"--smush-placeholder-width: 1334px; --smush-placeholder-aspect-ratio: 1334\/1840;\">\t\t\t\t\t\n\t\t\t\t\t\t<\/div>\n\t\t\t\t  <\/div>\n\t\t\t<\/div>\n\t\t\t\n\t\t\t\t\t\n\t\t\t<div class='d-md-flex d-grid mt-x2'>\n\t\t\t\t\n\t\t\t\t<div class=\"col-md-6 col-12 py-4  order-2 order-md-2   d-block align-content-md-center align-content-center py-md-5\">\n\t\t\t\t\t<div class=\"px-md-3 px-0 mb-lg-5 mb-md-3 mb-1\">\n\t\t\t\t\t\t<h2 class=\"fw-bold mb-lg-5 mb-3 fs-60px lh-1\">PHOTO EXPEDICIONES EN LA PATAGONIA<\/h2>\n\t\t\t\t\t\t<div class=\"mb-3 pe-1 mb-lg-5 mb-md-3 pe-lg-5\"><p>Captura la belleza salvaje de la Patagonia con un reconocido fot\u00f3grafo local con m\u00e1s de 10 a\u00f1os de experiencia en el parque nacional Torres del Paine y zonas aleda\u00f1as.<\/p>\n<\/div>\n\t\t\t\t\t\t<div class=\"mt-5 d-lg-flex d-block\">\n\t\t\t\t\t\t\t\t\t\t\t\t\t\t\n\t\t\t\t\t\t\t\t\t<a type=\"button\" class=\"btn align-content-center btn-primary px-3 rounded-pill me-3 mb-3\" href=\"https:\/\/thewildness.org\/es\/photography-expeditions\/\"> M\u00e1s informaci\u00f3n <i class=\"my-auto ms-3 fa-solid fa-chevron-right\" style=\"color: #ffffff;\"><\/i><\/a>\n\t\t\t\t\t\t\t\t\t\t\t\t\t<\/div>\n\t\t\t\t\t<\/div>\n\t\t\t\n\t\t\t\t  <\/div>\n\t\t\t\t  <div class=\"col-md-6 col-12 order-1 order-md-1\">\n\t\t\t\t\t<div class=\"text-center px-md-3 px-0\">\n\t\t\t\t\t\t\t<img decoding=\"async\" data-src=\"https:\/\/thewildness.org\/wp-content\/uploads\/2024\/07\/imagen_2024-07-11_194218544.png\" class=\"img-fluid custom-height-home lazyload\"  alt=\"Imagen\" src=\"data:image\/svg+xml;base64,PHN2ZyB3aWR0aD0iMSIgaGVpZ2h0PSIxIiB4bWxucz0iaHR0cDovL3d3dy53My5vcmcvMjAwMC9zdmciPjwvc3ZnPg==\" style=\"--smush-placeholder-width: 1334px; --smush-placeholder-aspect-ratio: 1334\/1840;\">\t\t\t\t\t\n\t\t\t\t\t\t<\/div>\n\t\t\t\t  <\/div>\n\t\t\t<\/div>\n\t\t\t\n\t\t\t\t\t\n\t\t\t<div class='d-md-flex d-grid mt-x2'>\n\t\t\t\t\n\t\t\t\t<div class=\"col-md-6 col-12 py-4  order-2 order-md-1   d-block align-content-md-end align-content-center pb-md-5\">\n\t\t\t\t\t<div class=\"px-md-3 px-0 mb-lg-5 mb-md-3 mb-1\">\n\t\t\t\t\t\t<h2 class=\"fw-bold mb-lg-5 mb-3 fs-60px lh-1\">BODAS ELOPEMENT<\/h2>\n\t\t\t\t\t\t<div class=\"mb-3 pe-1 mb-lg-5 mb-md-3 pe-lg-5\"><p>La Patagonia es quiz\u00e1s el mejor lugar para hacer una boda elopement. El fot\u00f3grafo Timothy Dhalleine ha explorado la relaci\u00f3n entre el ser humano y la naturaleza a trav\u00e9s de su lente por m\u00e1s de una d\u00e9cada. Sus fotos de parejas reflejan la identidad \u00fanica de cada pareja en lugares incre\u00edbles como el parque nacional Torres del Paine.<\/p>\n<\/div>\n\t\t\t\t\t\t<div class=\"mt-5 d-lg-flex d-block\">\n\t\t\t\t\t\t\t\t\t\t\t\t\t\t\n\t\t\t\t\t\t\t\t\t<a type=\"button\" class=\"btn align-content-center btn-primary px-3 rounded-pill me-3 mb-3\" href=\"https:\/\/thewildness.org\/es\/elopements-in-patagonia\/\"> M\u00e1s informaci\u00f3n <i class=\"my-auto ms-3 fa-solid fa-chevron-right\" style=\"color: #ffffff;\"><\/i><\/a>\n\t\t\t\t\t\t\t\t\t\t\t\t\t<\/div>\n\t\t\t\t\t<\/div>\n\t\t\t\n\t\t\t\t  <\/div>\n\t\t\t\t  <div class=\"col-md-6 col-12 order-1 order-md-2\">\n\t\t\t\t\t<div class=\"text-center px-md-3 px-0\">\n\t\t\t\t\t\t\t<img decoding=\"async\" data-src=\"https:\/\/thewildness.org\/wp-content\/uploads\/2024\/07\/imagen_2024-07-11_194315961.png\" class=\"img-fluid custom-height-home lazyload\"  alt=\"Imagen\" src=\"data:image\/svg+xml;base64,PHN2ZyB3aWR0aD0iMSIgaGVpZ2h0PSIxIiB4bWxucz0iaHR0cDovL3d3dy53My5vcmcvMjAwMC9zdmciPjwvc3ZnPg==\" style=\"--smush-placeholder-width: 1334px; --smush-placeholder-aspect-ratio: 1334\/1840;\">\t\t\t\t\t\n\t\t\t\t\t\t<\/div>\n\t\t\t\t  <\/div>\n\t\t\t<\/div>\n\t\t\t\n\t\t\t\t<\/div>\n\t\t\n\t <\/div>\n\t\t<\/section>\n\n\t\n    <section class=\"container-fluid bg-gray\"><!--About-->\n    <div class=\"row my-5 mx-auto py-5\" style=\"max-width:1500px!important;\">\n\t\t<div class=\"col-md-6 col-lg-4 col-12\">\n\t\t\t<div class=\"text-center\">\n        \t    <img decoding=\"async\" data-src=\"https:\/\/thewildness.org\/wp-content\/uploads\/2024\/07\/imagen_2024-07-11_193708335.png\" class=\"img-fluid rounded-circle mx-auto mb-3 about-img lazyload\" alt=\"Imagen\" src=\"data:image\/svg+xml;base64,PHN2ZyB3aWR0aD0iMSIgaGVpZ2h0PSIxIiB4bWxucz0iaHR0cDovL3d3dy53My5vcmcvMjAwMC9zdmciPjwvc3ZnPg==\" style=\"--smush-placeholder-width: 800px; --smush-placeholder-aspect-ratio: 800\/800;\">\n\t\t\t\t<p class=\"fw-bold\">Timothy Dhalleine<\/p>\n\t\t\t\t<p class=\"mb-5\">Fot\u00f3grafo de naturaleza y filmmaker<\/p>\n\t\t\t<\/div>\n      <\/div>\n      <div class=\"col-12 col-md-6 col-lg-8 d-block align-content-center\">\n        <div class=\"\">\n\t\t\t<h2 class=\"fw-bold mb-3 mb-md-5 font-size-80-50 text-start text-gray lh-1\">\u00bfQuienes somos?<\/h2>\n\t\t\t<div class=\"mb-3 mb-lg-5\"><p>El fot\u00f3grafo y filmmaker Timothy Dhalleine fund\u00f3 WILDNESS con la misi\u00f3n de inspirar a las personas con la naturaleza a trav\u00e9s de la creaci\u00f3n de contenido de impacto. Timothy ha vivido en la Patagonia por los 10 \u00faltimos a\u00f1os, pasando la mayor parte de su tiempo fotografiando el parque nacional Torres del Paine. Su trabajo ha sido presentado en medios conocidos como THE GUARDIAN, LA NACI\u00d3N y LATAM AIRLINES.<\/p>\n\u00a0<\/div>\n\t\t\t<div class=\"d-flex flex-wrap align-content-center\">\n\t\t\t\t<a type=\"button\" class=\"btn btn-primary flex-wrap align-content-center my-auto px-3 rounded-pill me-3\" href=\"https:\/\/thewildness.org\/es\/about-us\/\"> M\u00e1s informaci\u00f3n <i class=\"ms-3 fa-solid fa-chevron-right\" style=\"color: #ffffff;\"><\/i><\/a>\n\t\t\t<a href=\"https:\/\/www.instagram.com\/wildness_org?igsh=MXQ4eGVzY2prNm1ibA==\" target=\"_blank\"><i class=\"my-auto fa-brands fa-instagram border-gray rounded-circle me-2\" style=\"color: #00000099; padding:13px; font-size:25px; \" aria-hidden=\"true\"><\/i><\/a>\n\t\t\t<\/div>\n\t\t\t\n\t\t <\/div>\n      <\/div>\n      \n    \n  <\/div>\n  <\/section> \n\n\t\n    <section class=\"container\"><!--conservation-->\n    <div class=\"row my-5\">\n\t\t<div class=\"col-lg-6  col-12\">\n\t\t\t<div class=\"text-center mb-4\">\n        \t    <img decoding=\"async\" data-src=\"https:\/\/thewildness.org\/wp-content\/uploads\/2024\/01\/5-1.png\" class=\"img-fluid lazyload\" alt=\"Imagen\" src=\"data:image\/svg+xml;base64,PHN2ZyB3aWR0aD0iMSIgaGVpZ2h0PSIxIiB4bWxucz0iaHR0cDovL3d3dy53My5vcmcvMjAwMC9zdmciPjwvc3ZnPg==\" style=\"--smush-placeholder-width: 1440px; --smush-placeholder-aspect-ratio: 1440\/911;\">\n\t\t\t\t\n\t\t\t<\/div>\n      <\/div>\n      <div class=\"col-lg-6 col-12 d-block align-content-center\">\n        <div class=\"\">\n\t\t\t<h2 class=\"fw-bold mb-4 mb-md-5 fs-60px lh-1\">CREACI\u00d3N DE CONTENIDO PARA LA CONSERVACI\u00d3N<\/h2>\n        <div class=\"mb-4 mb-md-5\"><p>En WILDNESS, creemos que la sustentabilidad no es una alternativa. Por esta raz\u00f3n, destinamos el 1% de nuestros ingresos a proyectos de conservaci\u00f3n v\u00eda la ONG local Torres del Paine Legacy Fund. Nuestro objetivo es ser una empresa \u201cCero Residuo\u201d, promoviendo los principios \u201cNo deje rastro\u201d.<\/p>\n<\/div>\n        <a type=\"button\" class=\"btn btn-primary px-3 align-content-center rounded-pill me-3\" href=\"https:\/\/thewildness.org\/es\/content-creation-for-conservation\/\"> M\u00e1s informaci\u00f3n <i class=\"ms-3 fa-solid fa-chevron-right\" style=\"color: #ffffff;\"><\/i><\/a>\n\t\t <\/div>\n      <\/div>\n      \n    \n  <\/div>\n  <\/section> \n\n\t\n <section class=\"container\"> <!--blogs-->\n    <div class=\"row px-1 mb-3\">\n       <div class=\"col-12 col-lg-5 me-auto ps-2\">\n          <h2  class=\"fw-bold fs-1\">Blog <\/h2>\n       <\/div>\n       <div class=\"col-3 d-none d-lg-none justify-content-end py-3 pe-2\">\n        <a  href=\"https:\/\/thewildness.org\/es\/all-blogs\/\" > <button type=\"button\" class=\"btn btn-primary rounded-pill align-content-center  fw-bold px-4\" >M\u00e1s informaci\u00f3n <i class=\"my-auto ms-3 fa-solid fa-chevron-right\" style=\"color: #ffffff;\"><\/i><\/button><\/a>\n       <\/div>\n    <\/div>\n\t \t <div class=\"row px-1 d-flex\">\n\t  \n     \t  <div class='col-12 col-md-6 col-lg-4 my-3'>\n\t\t  \n                        <div class=\"card rounded-1 card-custom\" > <!--card-->\n                            <img decoding=\"async\" data-src=\"https:\/\/thewildness.org\/wp-content\/uploads\/2024\/07\/imagen_2024-07-18_170704253.png\" class=\"card-img-top img-noticia lazyload\" alt=\"...\" src=\"data:image\/svg+xml;base64,PHN2ZyB3aWR0aD0iMSIgaGVpZ2h0PSIxIiB4bWxucz0iaHR0cDovL3d3dy53My5vcmcvMjAwMC9zdmciPjwvc3ZnPg==\" style=\"--smush-placeholder-width: 975px; --smush-placeholder-aspect-ratio: 975\/360;\">\n                            <div class=\"card-body d-inline px-4\">\n\t\t\t\t\t\t\t  <h6 class=\"card-title  font-size-17 fst-italic text-green py-1 mt-3 fw-bold\">Timothy Dhalleine<\/h6>\n                              <h5 class=\"card-title  py-1 font-size-20 mt-4\">Los lugares m\u00e1s bellos para fotografiar en Torres del Paine<\/h5>\n                              <div style=\"height: 3px; width: 121px; background-color:#548152 ;\" class=\"my-2\"><\/div>\n                              <p class=\"card-text font-size-20 py-2\">Torres del Paine national park is known as the crown jewel of Patagonia for a good reason....<\/p>\n                            <\/div>\n                             <a href=\"https:\/\/thewildness.org\/es\/blog\/the-most-beautiful-places-to-photograph-in-torres-del-paine\/\" class=\"rounded-pill btn stretched-link flex-wrap btn-primary align-content-center fw-bold d-flex align-content-center justify-content-start py-1 px-4 ms-4  me-auto mb-3\">M\u00e1s informaci\u00f3n <i class=\"ms-3 fa-solid fa-chevron-right my-auto\" style=\"color: #ffffff;\"><\/i><\/a>\n                        <\/div>\n\t  <\/div>\n                        \n                \n\n      <nav aria-label=\"Page navigation example\">\n      <ul class=\"pagination justify-content-center pb-5 my-4\">\n      \n      <li class=\"page-item\"><\/li>\n      \n      <\/ul>\n    <\/nav>\n           \n  <\/div>   \n\t     <div class=\"row d-lg-none d-flex\">\n      <div class=\"col-12 d-grid d-lg-none justify-content-center px-1\">\n        <a type=\"button\" href=\"https:\/\/thewildness.org\/es\/all-blogs\/\" class=\"btn btn-primary align-content-center rounded-pill px-4 fw-bold\" >M\u00e1s informaci\u00f3n <i class=\"my-auto ms-3 fa-solid fa-chevron-right\" style=\"color: #ffffff;\"><\/i><\/a>\n       <\/div>\n    <\/div>\n  <\/section>\n\n\t\n <section class=\"container\"><!--CT-->\n    <div class=\"row px-1 my-5 py-5\">\n       <div class=\"col-md-10 col-12 mx-auto\">\n\t\t   <img  data-src='https:\/\/thewildness.org\/wp-content\/uploads\/2024\/06\/imagen_2024-06-19_071829422.png' class=\"ms-1 ms-md-5 img-quote lazyload\"  src=\"data:image\/svg+xml;base64,PHN2ZyB3aWR0aD0iMSIgaGVpZ2h0PSIxIiB4bWxucz0iaHR0cDovL3d3dy53My5vcmcvMjAwMC9zdmciPjwvc3ZnPg==\" style=\"--smush-placeholder-width: 234px; --smush-placeholder-aspect-ratio: 234\/178;\">\n          <h2  class=\"text-center fw-bold mb-5 fs-45-30 text-gray\" ><\/h2>\n       <\/div>\n       \n    <\/div> \n\t\t<\/section>","protected":false},"excerpt":{"rendered":"","protected":false},"author":1,"featured_media":0,"parent":0,"menu_order":0,"comment_status":"closed","ping_status":"closed","template":"","meta":{"_acf_changed":false,"footnotes":""},"class_list":["post-8","page","type-page","status-publish","hentry"],"acf":[],"yoast_head":"<!-- This site is optimized with the Yoast SEO plugin v25.3.1 - https:\/\/yoast.com\/wordpress\/plugins\/seo\/ -->\n<title>Inicio - The Wildness<\/title>\n<meta name=\"robots\" content=\"index, follow, max-snippet:-1, max-image-preview:large, max-video-preview:-1\" \/>\n<link rel=\"canonical\" href=\"https:\/\/thewildness.org\/es\/\" \/>\n<meta property=\"og:locale\" content=\"es_ES\" \/>\n<meta property=\"og:type\" content=\"article\" \/>\n<meta property=\"og:title\" content=\"Inicio - The Wildness\" \/>\n<meta property=\"og:url\" content=\"https:\/\/thewildness.org\/es\/\" \/>\n<meta property=\"og:site_name\" content=\"The Wildness\" \/>\n<meta property=\"article:publisher\" content=\"https:\/\/www.facebook.com\/wildness.org?mibextid=LQQJ4d\" \/>\n<meta property=\"article:modified_time\" content=\"2025-07-03T22:41:35+00:00\" \/>\n<meta name=\"twitter:card\" content=\"summary_large_image\" \/>\n<meta name=\"twitter:label1\" content=\"Tiempo estimado de lectura\" \/>\n\t<meta name=\"twitter:data1\" content=\"1 minuto\" \/>\n<script type=\"application\/ld+json\" class=\"yoast-schema-graph\">{\"@context\":\"https:\/\/schema.org\",\"@graph\":[{\"@type\":\"WebPage\",\"@id\":\"https:\/\/thewildness.org\/\",\"url\":\"https:\/\/thewildness.org\/\",\"name\":\"Inicio - The Wildness\",\"isPartOf\":{\"@id\":\"https:\/\/thewildness.org\/#website\"},\"datePublished\":\"2024-01-18T23:52:59+00:00\",\"dateModified\":\"2025-07-03T22:41:35+00:00\",\"breadcrumb\":{\"@id\":\"https:\/\/thewildness.org\/#breadcrumb\"},\"inLanguage\":\"es-CL\",\"potentialAction\":[{\"@type\":\"ReadAction\",\"target\":[\"https:\/\/thewildness.org\/\"]}]},{\"@type\":\"BreadcrumbList\",\"@id\":\"https:\/\/thewildness.org\/#breadcrumb\",\"itemListElement\":[{\"@type\":\"ListItem\",\"position\":1,\"name\":\"Portada\",\"item\":\"https:\/\/thewildness.org\/\"},{\"@type\":\"ListItem\",\"position\":2,\"name\":\"Inicio\"}]},{\"@type\":\"WebSite\",\"@id\":\"https:\/\/thewildness.org\/#website\",\"url\":\"https:\/\/thewildness.org\/\",\"name\":\"The Wildness\",\"description\":\"\",\"publisher\":{\"@id\":\"https:\/\/thewildness.org\/#organization\"},\"potentialAction\":[{\"@type\":\"SearchAction\",\"target\":{\"@type\":\"EntryPoint\",\"urlTemplate\":\"https:\/\/thewildness.org\/?s={search_term_string}\"},\"query-input\":{\"@type\":\"PropertyValueSpecification\",\"valueRequired\":true,\"valueName\":\"search_term_string\"}}],\"inLanguage\":\"es-CL\"},{\"@type\":\"Organization\",\"@id\":\"https:\/\/thewildness.org\/#organization\",\"name\":\"The Wildness\",\"url\":\"https:\/\/thewildness.org\/\",\"logo\":{\"@type\":\"ImageObject\",\"inLanguage\":\"es-CL\",\"@id\":\"https:\/\/thewildness.org\/#\/schema\/logo\/image\/\",\"url\":null,\"contentUrl\":null,\"width\":null,\"height\":null,\"caption\":\"The Wildness\"},\"image\":{\"@id\":\"https:\/\/thewildness.org\/#\/schema\/logo\/image\/\"},\"sameAs\":[\"https:\/\/www.facebook.com\/wildness.org?mibextid=LQQJ4d\",\"https:\/\/www.instagram.com\/wildness_org\/\"]}]}<\/script>\n<!-- \/ Yoast SEO plugin. -->","yoast_head_json":{"title":"Inicio - The Wildness","robots":{"index":"index","follow":"follow","max-snippet":"max-snippet:-1","max-image-preview":"max-image-preview:large","max-video-preview":"max-video-preview:-1"},"canonical":"https:\/\/thewildness.org\/es\/","og_locale":"es_ES","og_type":"article","og_title":"Inicio - The Wildness","og_url":"https:\/\/thewildness.org\/es\/","og_site_name":"The Wildness","article_publisher":"https:\/\/www.facebook.com\/wildness.org?mibextid=LQQJ4d","article_modified_time":"2025-07-03T22:41:35+00:00","twitter_card":"summary_large_image","twitter_misc":{"Tiempo estimado de lectura":"1 minuto"},"schema":{"@context":"https:\/\/schema.org","@graph":[{"@type":"WebPage","@id":"https:\/\/thewildness.org\/","url":"https:\/\/thewildness.org\/","name":"Inicio - The Wildness","isPartOf":{"@id":"https:\/\/thewildness.org\/#website"},"datePublished":"2024-01-18T23:52:59+00:00","dateModified":"2025-07-03T22:41:35+00:00","breadcrumb":{"@id":"https:\/\/thewildness.org\/#breadcrumb"},"inLanguage":"es-CL","potentialAction":[{"@type":"ReadAction","target":["https:\/\/thewildness.org\/"]}]},{"@type":"BreadcrumbList","@id":"https:\/\/thewildness.org\/#breadcrumb","itemListElement":[{"@type":"ListItem","position":1,"name":"Portada","item":"https:\/\/thewildness.org\/"},{"@type":"ListItem","position":2,"name":"Inicio"}]},{"@type":"WebSite","@id":"https:\/\/thewildness.org\/#website","url":"https:\/\/thewildness.org\/","name":"The Wildness","description":"","publisher":{"@id":"https:\/\/thewildness.org\/#organization"},"potentialAction":[{"@type":"SearchAction","target":{"@type":"EntryPoint","urlTemplate":"https:\/\/thewildness.org\/?s={search_term_string}"},"query-input":{"@type":"PropertyValueSpecification","valueRequired":true,"valueName":"search_term_string"}}],"inLanguage":"es-CL"},{"@type":"Organization","@id":"https:\/\/thewildness.org\/#organization","name":"The Wildness","url":"https:\/\/thewildness.org\/","logo":{"@type":"ImageObject","inLanguage":"es-CL","@id":"https:\/\/thewildness.org\/#\/schema\/logo\/image\/","url":null,"contentUrl":null,"width":null,"height":null,"caption":"The Wildness"},"image":{"@id":"https:\/\/thewildness.org\/#\/schema\/logo\/image\/"},"sameAs":["https:\/\/www.facebook.com\/wildness.org?mibextid=LQQJ4d","https:\/\/www.instagram.com\/wildness_org\/"]}]}},"_links":{"self":[{"href":"https:\/\/thewildness.org\/es\/wp-json\/wp\/v2\/pages\/8","targetHints":{"allow":["GET"]}}],"collection":[{"href":"https:\/\/thewildness.org\/es\/wp-json\/wp\/v2\/pages"}],"about":[{"href":"https:\/\/thewildness.org\/es\/wp-json\/wp\/v2\/types\/page"}],"author":[{"embeddable":true,"href":"https:\/\/thewildness.org\/es\/wp-json\/wp\/v2\/users\/1"}],"replies":[{"embeddable":true,"href":"https:\/\/thewildness.org\/es\/wp-json\/wp\/v2\/comments?post=8"}],"version-history":[{"count":54,"href":"https:\/\/thewildness.org\/es\/wp-json\/wp\/v2\/pages\/8\/revisions"}],"predecessor-version":[{"id":742,"href":"https:\/\/thewildness.org\/es\/wp-json\/wp\/v2\/pages\/8\/revisions\/742"}],"wp:attachment":[{"href":"https:\/\/thewildness.org\/es\/wp-json\/wp\/v2\/media?parent=8"}],"curies":[{"name":"wp","href":"https:\/\/api.w.org\/{rel}","templated":true}]}}