{"id":586,"date":"2024-06-30T10:59:46","date_gmt":"2024-06-30T13:59:46","guid":{"rendered":"https:\/\/thewildness.org\/?page_id=586"},"modified":"2024-07-04T20:52:34","modified_gmt":"2024-07-04T23:52:34","slug":"elopements-in-patagonia","status":"publish","type":"page","link":"https:\/\/thewildness.org\/es\/elopements-in-patagonia\/","title":{"rendered":"Bodas elopement en la patagonia"},"content":{"rendered":"<section class=\"container-fluid\" >\n        <div class=\"row d-flex\">\n          <div class=\"col-12 banner py-4 px-1 px-lg-5  d-flex align-items-center lazyload\" style=\"    background:inherit;\" data-bg=\"linear-gradient(180deg, rgba(255,255,255,0) 0%, rgba(0,0,0,0.5) 0%),  url(https:\/\/thewildness.org\/wp-content\/uploads\/2024\/06\/imagen_2024-06-30_101049639.png)\">\n\t\t\t  <div class=\"mx-auto\" style=\"width:1500px;\">\n            <h1  class=\"fw-bold txt-banner text-white my-auto px-1 mx-auto\">Bodas elopement en la patagonia<\/h1>\n\t\t\t\t  <\/div>\n          <\/div>\n        <\/div>\n      <\/section>\n\r\n\r\n\t\n    <section class=\"container\"><!--base_ep-->\n    <div class=\"row my-5\">\n\t\t<div class=\"col-12 d-block px-1 px-lg-5 mb-1 mb-md-3 justify-content-center\">\t\t\t\n\t\t\t<h2 class='font-size-80-40 fw-bold mb-4 text-md-center text-start'>Capturemos tu mejor aventura<\/h2>\n\t\t\t<div class=\"justify-content-center mx-auto px-1 d-none d-lg-block px-lg-5 w-75 text-md-center text-start\"><p>El parque nacional Torres del Paine es sin duda el destino m\u00e1s espectacular para una escapada rom\u00e1ntica, con sus empinadas cumbres, abundante fauna y lagos coloridos. Las parejas siempre llegan atra\u00eddas por las posibilidades de conectarse profundamente con la naturaleza en la Patagonia, y las bodas \u201celopement\u201d son la mejor representaci\u00f3n de esto.<\/p>\n  <\/div>\n\t\t\t<div class=\"justify-content-center mx-auto px-1 px-lg-5 d-lg-none  text-md-center text-start\"><p>El parque nacional Torres del Paine es sin duda el destino m\u00e1s espectacular para una escapada rom\u00e1ntica, con sus empinadas cumbres, abundante fauna y lagos coloridos. Las parejas siempre llegan atra\u00eddas por las posibilidades de conectarse profundamente con la naturaleza en la Patagonia, y las bodas \u201celopement\u201d son la mejor representaci\u00f3n de esto.<\/p>\n  <\/div>\n\t\t\t\n\t\t<\/div>\n\t\t\n\t<\/div>\n\t\t\t<img decoding=\"async\" data-src=\"https:\/\/thewildness.org\/wp-content\/uploads\/2024\/06\/imagen_2024-06-23_111301768.png\" class=\"w-100 b-img px-1 px-lg-4 img-fluid lazyload\"  alt=\"Imagen\" src=\"data:image\/svg+xml;base64,PHN2ZyB3aWR0aD0iMSIgaGVpZ2h0PSIxIiB4bWxucz0iaHR0cDovL3d3dy53My5vcmcvMjAwMC9zdmciPjwvc3ZnPg==\" style=\"--smush-placeholder-width: 2800px; --smush-placeholder-aspect-ratio: 2800\/974;\">\n  <\/section> \n\r\n\r\n\t\n <section class=\"container mt-md-5 pt-md-4\"><!--CT-->\n    <div class=\"row my-md-5 my-2\">\t\t\n\t\t<div class='rep'>\n\t\t\t\t\t\t\n\t\t\t<div class='d-md-flex d-block'>\n\t\t\t\t\n\t\t\t\t<div class=\"col-md-6 col-12 py-5 py-md-0 order-2   align-content-start d-block\">\n\t\t\t\t\t<div class=\"px-lg-3 px-0 mb-md-5 mb-1 px-md-1\">\n\t\t\t\t\t\t<h2 class=\"fw-bold mb-md-4 mb-3 font-size-60-30 text-gray lh-1\">\u00bfEst\u00e1s buscando un fot\u00f3grafo para capturar tu boda elopement en la Patagonia?<\/h2>\n\t\t\t\t\t\t<div class=\"mb-3  mb-md-5\"><p class=\" translation-block\"><strong>Con casi una d\u00e9cada fotografiando bodas elopement en la Patagonia,<\/strong> el fot\u00f3grafo Timothy Dhalleine har\u00e1 de este momento especial un recuerdo que podr\u00e1s revivir con im\u00e1genes impactantes.<br><\/p>\n<p class=\" translation-block\">Timothy ha vivido en la Patagonia por los \u00faltimos 10 a\u00f1os, pasando la mayor parte de su tiempo fotografiando el parque nacional Torres del Paine y zonas aleda\u00f1as. Hizo feliz a muchas parejas aventureras con fotos para toda la vida, en <strong> algunos de los lugares m\u00e1s incre\u00edbles del planeta. <\/strong>Adem\u00e1s, Timothy es certificado \u201cWilderness First Responder\u201d, para brindar una experiencia segura en lugares fuera de los circuitos tur\u00edsticos convencionales.<\/p>\n<\/div>\n\t\t\t\t\t<\/div>\n\t\t\t\n\t\t\t\t  <\/div>\n\t\t\t\t  <div class=\"col-md-6 col-12  order-1\">\n\t\t\t\t\t<div class=\"text-center px-lg-3 px-0 px-md-1\">\n\t\t\t\t\t\t\t<img decoding=\"async\" data-src=\"https:\/\/thewildness.org\/wp-content\/uploads\/2024\/06\/imagen_2024-06-30_102109885.png\" class=\"img-fluid lazyload\"  alt=\"Imagen\" src=\"data:image\/svg+xml;base64,PHN2ZyB3aWR0aD0iMSIgaGVpZ2h0PSIxIiB4bWxucz0iaHR0cDovL3d3dy53My5vcmcvMjAwMC9zdmciPjwvc3ZnPg==\" style=\"--smush-placeholder-width: 1342px; --smush-placeholder-aspect-ratio: 1342\/1840;\">\t\t\t\t\t\n\t\t\t\t\t\t<\/div>\n\t\t\t\t  <\/div>\n\t\t\t<\/div>\n\t\t\t\n\t\t\t\t\t\n\t\t\t<div class='d-md-flex d-block mt-x'>\n\t\t\t\t\n\t\t\t\t<div class=\"col-md-6 col-12 py-5 py-md-0 order-1   align-content-center d-block\">\n\t\t\t\t\t<div class=\"px-lg-3 px-0 mb-md-5 mb-1 px-md-1\">\n\t\t\t\t\t\t<h2 class=\"fw-bold mb-md-4 mb-3 font-size-60-30 text-gray lh-1\">Tu escapada, a tu manera<\/h2>\n\t\t\t\t\t\t<div class=\"mb-3  mb-md-5\"><p class=\" translation-block\">En WILDNESS, te ayudaremos a sacar el mayor provecho de tu celebraci\u00f3n en la naturaleza, con opciones de sesiones de<strong> fotograf\u00eda de 2, 4, 6 y 8 horas<\/strong>, seg\u00fan la boda elopement de tus sue\u00f1os.<\/p>\n<\/div>\n\t\t\t\t\t<\/div>\n\t\t\t\n\t\t\t\t  <\/div>\n\t\t\t\t  <div class=\"col-md-6 col-12  order-2\">\n\t\t\t\t\t<div class=\"text-center px-lg-3 px-0 px-md-1\">\n\t\t\t\t\t\t\t<img decoding=\"async\" data-src=\"https:\/\/thewildness.org\/wp-content\/uploads\/2024\/06\/imagen_2024-06-30_102143092.png\" class=\"img-fluid lazyload\"  alt=\"Imagen\" src=\"data:image\/svg+xml;base64,PHN2ZyB3aWR0aD0iMSIgaGVpZ2h0PSIxIiB4bWxucz0iaHR0cDovL3d3dy53My5vcmcvMjAwMC9zdmciPjwvc3ZnPg==\" style=\"--smush-placeholder-width: 1342px; --smush-placeholder-aspect-ratio: 1342\/1840;\">\t\t\t\t\t\n\t\t\t\t\t\t<\/div>\n\t\t\t\t  <\/div>\n\t\t\t<\/div>\n\t\t\t\n\t\t\t\t<\/div>\n\t\t\n\t <\/div>\n\t\t<\/section>\n\r\n\r\n\t\n    <section class=\"container-fluid bg-gray\"><!--type CT-->\n\t\t<div class=\"row px-1 pt-5 mt-3 mx-auto\" style=\"max-width:1500px;\">\n      <div class=\"col-12 d-flex justify-content-between py-4\">\n        <div class=\"owl-carousel owl-theme blog-carousel\">\n                                    <img decoding=\"async\" data-src=\"https:\/\/thewildness.org\/wp-content\/uploads\/2024\/06\/imagen_2024-06-30_102237191.png\" class=\"img-fluid lazyload\" alt=\"...\" src=\"data:image\/svg+xml;base64,PHN2ZyB3aWR0aD0iMSIgaGVpZ2h0PSIxIiB4bWxucz0iaHR0cDovL3d3dy53My5vcmcvMjAwMC9zdmciPjwvc3ZnPg==\" style=\"--smush-placeholder-width: 918px; --smush-placeholder-aspect-ratio: 918\/898;\">\n                                    <img decoding=\"async\" data-src=\"https:\/\/thewildness.org\/wp-content\/uploads\/2024\/06\/imagen_2024-06-30_102247487.png\" class=\"img-fluid lazyload\" alt=\"...\" src=\"data:image\/svg+xml;base64,PHN2ZyB3aWR0aD0iMSIgaGVpZ2h0PSIxIiB4bWxucz0iaHR0cDovL3d3dy53My5vcmcvMjAwMC9zdmciPjwvc3ZnPg==\" style=\"--smush-placeholder-width: 920px; --smush-placeholder-aspect-ratio: 920\/894;\">\n                                    <img decoding=\"async\" data-src=\"https:\/\/thewildness.org\/wp-content\/uploads\/2024\/06\/imagen_2024-06-30_102258133.png\" class=\"img-fluid lazyload\" alt=\"...\" src=\"data:image\/svg+xml;base64,PHN2ZyB3aWR0aD0iMSIgaGVpZ2h0PSIxIiB4bWxucz0iaHR0cDovL3d3dy53My5vcmcvMjAwMC9zdmciPjwvc3ZnPg==\" style=\"--smush-placeholder-width: 918px; --smush-placeholder-aspect-ratio: 918\/894;\">\n                                    <img decoding=\"async\" data-src=\"https:\/\/thewildness.org\/wp-content\/uploads\/2024\/06\/imagen_2024-06-30_102237191.png\" class=\"img-fluid lazyload\" alt=\"...\" src=\"data:image\/svg+xml;base64,PHN2ZyB3aWR0aD0iMSIgaGVpZ2h0PSIxIiB4bWxucz0iaHR0cDovL3d3dy53My5vcmcvMjAwMC9zdmciPjwvc3ZnPg==\" style=\"--smush-placeholder-width: 918px; --smush-placeholder-aspect-ratio: 918\/898;\">\n                                    <img decoding=\"async\" data-src=\"https:\/\/thewildness.org\/wp-content\/uploads\/2024\/06\/imagen_2024-06-30_102247487.png\" class=\"img-fluid lazyload\" alt=\"...\" src=\"data:image\/svg+xml;base64,PHN2ZyB3aWR0aD0iMSIgaGVpZ2h0PSIxIiB4bWxucz0iaHR0cDovL3d3dy53My5vcmcvMjAwMC9zdmciPjwvc3ZnPg==\" style=\"--smush-placeholder-width: 920px; --smush-placeholder-aspect-ratio: 920\/894;\">\n                                    <img decoding=\"async\" data-src=\"https:\/\/thewildness.org\/wp-content\/uploads\/2024\/06\/imagen_2024-06-30_102258133.png\" class=\"img-fluid lazyload\" alt=\"...\" src=\"data:image\/svg+xml;base64,PHN2ZyB3aWR0aD0iMSIgaGVpZ2h0PSIxIiB4bWxucz0iaHR0cDovL3d3dy53My5vcmcvMjAwMC9zdmciPjwvc3ZnPg==\" style=\"--smush-placeholder-width: 918px; --smush-placeholder-aspect-ratio: 918\/894;\">\n                                    <img decoding=\"async\" data-src=\"https:\/\/thewildness.org\/wp-content\/uploads\/2024\/06\/imagen_2024-06-30_102237191.png\" class=\"img-fluid lazyload\" alt=\"...\" src=\"data:image\/svg+xml;base64,PHN2ZyB3aWR0aD0iMSIgaGVpZ2h0PSIxIiB4bWxucz0iaHR0cDovL3d3dy53My5vcmcvMjAwMC9zdmciPjwvc3ZnPg==\" style=\"--smush-placeholder-width: 918px; --smush-placeholder-aspect-ratio: 918\/898;\">\n                                    <img decoding=\"async\" data-src=\"https:\/\/thewildness.org\/wp-content\/uploads\/2024\/06\/imagen_2024-06-30_102247487.png\" class=\"img-fluid lazyload\" alt=\"...\" src=\"data:image\/svg+xml;base64,PHN2ZyB3aWR0aD0iMSIgaGVpZ2h0PSIxIiB4bWxucz0iaHR0cDovL3d3dy53My5vcmcvMjAwMC9zdmciPjwvc3ZnPg==\" style=\"--smush-placeholder-width: 920px; --smush-placeholder-aspect-ratio: 920\/894;\">\n                                    <img decoding=\"async\" data-src=\"https:\/\/thewildness.org\/wp-content\/uploads\/2024\/06\/imagen_2024-06-30_102258133.png\" class=\"img-fluid lazyload\" alt=\"...\" src=\"data:image\/svg+xml;base64,PHN2ZyB3aWR0aD0iMSIgaGVpZ2h0PSIxIiB4bWxucz0iaHR0cDovL3d3dy53My5vcmcvMjAwMC9zdmciPjwvc3ZnPg==\" style=\"--smush-placeholder-width: 918px; --smush-placeholder-aspect-ratio: 918\/894;\">\n                      <\/div>\n      <\/div>\n     <\/div>\n    <div class=\"row py-5 mx-auto\" style=\"max-width:1500px;\">\n\t\t<div class=\"col-12 d-block justify-content-center text-center\">\n\t\t\t<p class=\"\">\u00bfEst\u00e1s so\u00f1ando con una boda elopement en la Patagonia?\u00a0<\/p>\n\t\t\t<h3 class=\"font-size-60-40 fw-bold text-green mb-4\">Hag\u00e1moslo realidad<\/h3>\n\t\t\t<a class=\"btn btn-primary px-4 rounded-pill\" href=\"https:\/\/thewildness.org\/es\/contact\/\">Cont\u00e1ctanos <i class=\"ms-3 fa-solid fa-chevron-right\" style=\"color: #ffffff;\" aria-hidden=\"true\"><\/i><\/a>\n\t\t<\/div>\n\t<\/div>\n  <\/section>","protected":false},"excerpt":{"rendered":"","protected":false},"author":1,"featured_media":0,"parent":0,"menu_order":0,"comment_status":"closed","ping_status":"closed","template":"","meta":{"_acf_changed":false,"footnotes":""},"class_list":["post-586","page","type-page","status-publish","hentry"],"acf":[],"yoast_head":"<!-- This site is optimized with the Yoast SEO plugin v25.3.1 - https:\/\/yoast.com\/wordpress\/plugins\/seo\/ -->\n<title>Elopements in Patagonia - The Wildness<\/title>\n<meta name=\"robots\" content=\"index, follow, max-snippet:-1, max-image-preview:large, max-video-preview:-1\" \/>\n<link rel=\"canonical\" href=\"https:\/\/thewildness.org\/es\/elopements-in-patagonia\/\" \/>\n<meta property=\"og:locale\" content=\"es_ES\" \/>\n<meta property=\"og:type\" content=\"article\" \/>\n<meta property=\"og:title\" content=\"Elopements in Patagonia - The Wildness\" \/>\n<meta property=\"og:url\" content=\"https:\/\/thewildness.org\/es\/elopements-in-patagonia\/\" \/>\n<meta property=\"og:site_name\" content=\"The Wildness\" \/>\n<meta property=\"article:publisher\" content=\"https:\/\/www.facebook.com\/wildness.org?mibextid=LQQJ4d\" \/>\n<meta property=\"article:modified_time\" content=\"2024-07-04T23:52:34+00:00\" \/>\n<meta name=\"twitter:card\" content=\"summary_large_image\" \/>\n<script type=\"application\/ld+json\" class=\"yoast-schema-graph\">{\"@context\":\"https:\/\/schema.org\",\"@graph\":[{\"@type\":\"WebPage\",\"@id\":\"https:\/\/thewildness.org\/en\/elopements-in-patagonia\/\",\"url\":\"https:\/\/thewildness.org\/en\/elopements-in-patagonia\/\",\"name\":\"Elopements in Patagonia - The Wildness\",\"isPartOf\":{\"@id\":\"https:\/\/thewildness.org\/#website\"},\"datePublished\":\"2024-06-30T13:59:46+00:00\",\"dateModified\":\"2024-07-04T23:52:34+00:00\",\"breadcrumb\":{\"@id\":\"https:\/\/thewildness.org\/en\/elopements-in-patagonia\/#breadcrumb\"},\"inLanguage\":\"es-CL\",\"potentialAction\":[{\"@type\":\"ReadAction\",\"target\":[\"https:\/\/thewildness.org\/en\/elopements-in-patagonia\/\"]}]},{\"@type\":\"BreadcrumbList\",\"@id\":\"https:\/\/thewildness.org\/en\/elopements-in-patagonia\/#breadcrumb\",\"itemListElement\":[{\"@type\":\"ListItem\",\"position\":1,\"name\":\"Portada\",\"item\":\"https:\/\/thewildness.org\/\"},{\"@type\":\"ListItem\",\"position\":2,\"name\":\"Elopements in Patagonia\"}]},{\"@type\":\"WebSite\",\"@id\":\"https:\/\/thewildness.org\/#website\",\"url\":\"https:\/\/thewildness.org\/\",\"name\":\"The Wildness\",\"description\":\"\",\"publisher\":{\"@id\":\"https:\/\/thewildness.org\/#organization\"},\"potentialAction\":[{\"@type\":\"SearchAction\",\"target\":{\"@type\":\"EntryPoint\",\"urlTemplate\":\"https:\/\/thewildness.org\/?s={search_term_string}\"},\"query-input\":{\"@type\":\"PropertyValueSpecification\",\"valueRequired\":true,\"valueName\":\"search_term_string\"}}],\"inLanguage\":\"es-CL\"},{\"@type\":\"Organization\",\"@id\":\"https:\/\/thewildness.org\/#organization\",\"name\":\"The Wildness\",\"url\":\"https:\/\/thewildness.org\/\",\"logo\":{\"@type\":\"ImageObject\",\"inLanguage\":\"es-CL\",\"@id\":\"https:\/\/thewildness.org\/#\/schema\/logo\/image\/\",\"url\":null,\"contentUrl\":null,\"width\":null,\"height\":null,\"caption\":\"The Wildness\"},\"image\":{\"@id\":\"https:\/\/thewildness.org\/#\/schema\/logo\/image\/\"},\"sameAs\":[\"https:\/\/www.facebook.com\/wildness.org?mibextid=LQQJ4d\",\"https:\/\/www.instagram.com\/wildness_org\/\"]}]}<\/script>\n<!-- \/ Yoast SEO plugin. -->","yoast_head_json":{"title":"Elopements in Patagonia - The Wildness","robots":{"index":"index","follow":"follow","max-snippet":"max-snippet:-1","max-image-preview":"max-image-preview:large","max-video-preview":"max-video-preview:-1"},"canonical":"https:\/\/thewildness.org\/es\/elopements-in-patagonia\/","og_locale":"es_ES","og_type":"article","og_title":"Elopements in Patagonia - The Wildness","og_url":"https:\/\/thewildness.org\/es\/elopements-in-patagonia\/","og_site_name":"The Wildness","article_publisher":"https:\/\/www.facebook.com\/wildness.org?mibextid=LQQJ4d","article_modified_time":"2024-07-04T23:52:34+00:00","twitter_card":"summary_large_image","schema":{"@context":"https:\/\/schema.org","@graph":[{"@type":"WebPage","@id":"https:\/\/thewildness.org\/en\/elopements-in-patagonia\/","url":"https:\/\/thewildness.org\/en\/elopements-in-patagonia\/","name":"Elopements in Patagonia - The Wildness","isPartOf":{"@id":"https:\/\/thewildness.org\/#website"},"datePublished":"2024-06-30T13:59:46+00:00","dateModified":"2024-07-04T23:52:34+00:00","breadcrumb":{"@id":"https:\/\/thewildness.org\/en\/elopements-in-patagonia\/#breadcrumb"},"inLanguage":"es-CL","potentialAction":[{"@type":"ReadAction","target":["https:\/\/thewildness.org\/en\/elopements-in-patagonia\/"]}]},{"@type":"BreadcrumbList","@id":"https:\/\/thewildness.org\/en\/elopements-in-patagonia\/#breadcrumb","itemListElement":[{"@type":"ListItem","position":1,"name":"Portada","item":"https:\/\/thewildness.org\/"},{"@type":"ListItem","position":2,"name":"Elopements in Patagonia"}]},{"@type":"WebSite","@id":"https:\/\/thewildness.org\/#website","url":"https:\/\/thewildness.org\/","name":"The Wildness","description":"","publisher":{"@id":"https:\/\/thewildness.org\/#organization"},"potentialAction":[{"@type":"SearchAction","target":{"@type":"EntryPoint","urlTemplate":"https:\/\/thewildness.org\/?s={search_term_string}"},"query-input":{"@type":"PropertyValueSpecification","valueRequired":true,"valueName":"search_term_string"}}],"inLanguage":"es-CL"},{"@type":"Organization","@id":"https:\/\/thewildness.org\/#organization","name":"The Wildness","url":"https:\/\/thewildness.org\/","logo":{"@type":"ImageObject","inLanguage":"es-CL","@id":"https:\/\/thewildness.org\/#\/schema\/logo\/image\/","url":null,"contentUrl":null,"width":null,"height":null,"caption":"The Wildness"},"image":{"@id":"https:\/\/thewildness.org\/#\/schema\/logo\/image\/"},"sameAs":["https:\/\/www.facebook.com\/wildness.org?mibextid=LQQJ4d","https:\/\/www.instagram.com\/wildness_org\/"]}]}},"_links":{"self":[{"href":"https:\/\/thewildness.org\/es\/wp-json\/wp\/v2\/pages\/586","targetHints":{"allow":["GET"]}}],"collection":[{"href":"https:\/\/thewildness.org\/es\/wp-json\/wp\/v2\/pages"}],"about":[{"href":"https:\/\/thewildness.org\/es\/wp-json\/wp\/v2\/types\/page"}],"author":[{"embeddable":true,"href":"https:\/\/thewildness.org\/es\/wp-json\/wp\/v2\/users\/1"}],"replies":[{"embeddable":true,"href":"https:\/\/thewildness.org\/es\/wp-json\/wp\/v2\/comments?post=586"}],"version-history":[{"count":7,"href":"https:\/\/thewildness.org\/es\/wp-json\/wp\/v2\/pages\/586\/revisions"}],"predecessor-version":[{"id":724,"href":"https:\/\/thewildness.org\/es\/wp-json\/wp\/v2\/pages\/586\/revisions\/724"}],"wp:attachment":[{"href":"https:\/\/thewildness.org\/es\/wp-json\/wp\/v2\/media?parent=586"}],"curies":[{"name":"wp","href":"https:\/\/api.w.org\/{rel}","templated":true}]}}