{"id":466,"date":"2024-06-23T12:10:21","date_gmt":"2024-06-23T15:10:21","guid":{"rendered":"https:\/\/thewildness.org\/?page_id=466"},"modified":"2024-07-03T21:31:45","modified_gmt":"2024-07-04T00:31:45","slug":"content-creation-for-conservation","status":"publish","type":"page","link":"https:\/\/thewildness.org\/es\/content-creation-for-conservation\/","title":{"rendered":"CREACI\u00d3N DE CONTENIDO PARA LA CONSERVACI\u00d3N"},"content":{"rendered":"<section class=\"container-fluid\" >\n        <div class=\"row d-flex\">\n          <div class=\"col-12 banner py-4 px-1 px-lg-5  d-flex align-items-center lazyload\" style=\"    background:inherit;\" data-bg=\"linear-gradient(180deg, rgba(255,255,255,0) 0%, rgba(0,0,0,0.5) 0%),  url(https:\/\/thewildness.org\/wp-content\/uploads\/2024\/06\/imagen_2024-06-23_111240772.png)\">\n\t\t\t  <div class=\"mx-auto\" style=\"width:1500px;\">\n            <h1  class=\"fw-bold txt-banner text-white my-auto px-1 mx-auto\">CREACI\u00d3N DE CONTENIDO PARA LA CONSERVACI\u00d3N<\/h1>\n\t\t\t\t  <\/div>\n          <\/div>\n        <\/div>\n      <\/section>\n\r\n\r\n\t\n    <section class=\"container\"><!--shortcode_base_ccc-->\n    <div class=\"row mt-md-5 mb-md-5 mt-4 mb-3\">\n\t\t<div class=\"col-12 d-block px-1 px-lg-5 mb-2 justify-content-center\">\t\t\t\n\t\t\t<h2 class='text-start text-md-center font-size-80-40 fw-bold mb-4'>Nuestro compromiso con la sustentabilidad<\/h2>\n\t\t\t<div class=\"justify-content-center text-center mx-auto px-2 px-lg-5 w-75 d-none d-lg-flex\"><p>Tenemos una larga historia  con la sustentabilidad, que empez\u00f3 hace 15 a\u00f1os cuando los fundadores Timothy y Lisette se dieron cuenta de cu\u00e1n limitados eran los recursos en sus viajes por el mundo. Desde entonces, adoptaron una cultura eco-amigable en su vida diaria.<\/p>\n  <\/div>\n\t\t\t<div class=\"justify-content-center mx-auto text-start px-1 px-lg-5 d-lg-none\"><p>Tenemos una larga historia  con la sustentabilidad, que empez\u00f3 hace 15 a\u00f1os cuando los fundadores Timothy y Lisette se dieron cuenta de cu\u00e1n limitados eran los recursos en sus viajes por el mundo. Desde entonces, adoptaron una cultura eco-amigable en su vida diaria.<\/p>\n  <\/div>\n\t\t\t\n\t\t<\/div>\n\t\t\n\t<\/div>\n\t\t\t<img decoding=\"async\" data-src=\"https:\/\/thewildness.org\/wp-content\/uploads\/2024\/06\/imagen_2024-06-23_111301768.png\" class=\"w-100 px-2 px-lg-4 lazyload\"  alt=\"Imagen\" src=\"data:image\/svg+xml;base64,PHN2ZyB3aWR0aD0iMSIgaGVpZ2h0PSIxIiB4bWxucz0iaHR0cDovL3d3dy53My5vcmcvMjAwMC9zdmciPjwvc3ZnPg==\" style=\"--smush-placeholder-width: 2800px; --smush-placeholder-aspect-ratio: 2800\/974;\">\n  <\/section> \n\r\n\r\n\t\n <section class=\"container\"><!--CT-->\n    <div class=\"row mt-md-5 mb-md-5 mt-4 mb-3\">\t\t\n\t\t<div class='rep'>\n\t\t\t\t\t\t\n\t\t\t<div class='d-lg-flex d-block'>\n\t\t\t\t\n\t\t\t\t<div class=\"col-lg-6 col-12 py-lg-5 py-2 order-1 align-content-start   d-block\">\n\t\t\t\t\t<div class=\"px-lg-3 px-md-2 px-0 mb-lg-5 mb-md-2 mb-1 mt-lg-5 pt-lg-5\">\n\t\t\t\t\t\t<h2 class=\"fw-bold mb-4 font-size-60-30 text-gray lh-1\">Colaboraci\u00f3n con el Torres del Paine Legacy Fund<\/h2>\n\t\t\t\t\t\t<p class=\"mb-3  mb-md-5 pe-0 pe-md-5\"><p class=\" translation-block\">Una organizaci\u00f3n sin fines de lucro que trabaja en el parque nacional Torres del Paine junto a la comunidad local, en proyectos de conservaci\u00f3n e iniciativas de desarrollo comunitario. El Legacy Fund tiene como objetivo reducir la presi\u00f3n en los preciosos recursos naturales del destino, mientras busca abordar brechas de oportunidad en la econom\u00eda local. El 1% de nuestros ingresos se destina al Legacy Fund para apoyar directamente a proyectos de conservaci\u00f3n en Torres del Paine.<\/p>\n<p>&nbsp;<\/p>\n<p>En esta alianza entre WILDNESS y el Legacy Fund, educamos a nuestra audiencia sobre la restauraci\u00f3n de los senderos y el amenazado Huemul, invitando a las personas a donar al Fund.<\/p>\n<\/p>\n\t\t\t\t\t<\/div>\n\t\t\t\n\t\t\t\t  <\/div>\n\t\t\t\t  <div class=\"col-lg-6 col-12  order-2\">\n\t\t\t\t\t<div class=\"text-center px-lg-3 px-md-2 mb-lg-5 mb-md-5 mb-1\">\n\t\t\t\t\t\t\t<img decoding=\"async\" data-src=\"https:\/\/thewildness.org\/wp-content\/uploads\/2024\/06\/imagen_2024-06-23_131331409.png\" class=\"img-fluid lazyload\"  alt=\"Imagen\" src=\"data:image\/svg+xml;base64,PHN2ZyB3aWR0aD0iMSIgaGVpZ2h0PSIxIiB4bWxucz0iaHR0cDovL3d3dy53My5vcmcvMjAwMC9zdmciPjwvc3ZnPg==\" style=\"--smush-placeholder-width: 1342px; --smush-placeholder-aspect-ratio: 1342\/1834;\">\t\t\t\t\t\n\t\t\t\t\t\t<\/div>\n\t\t\t\t  <\/div>\n\t\t\t<\/div>\n\t\t\t\n\t\t\t\t\t\n\t\t\t<div class='d-lg-flex d-block mt-x'>\n\t\t\t\t\n\t\t\t\t<div class=\"col-lg-6 col-12 py-lg-5 py-2 order-2 align-content-center   d-block\">\n\t\t\t\t\t<div class=\"px-lg-3 px-md-2 px-0 mb-lg-5 mb-md-2 mb-1\">\n\t\t\t\t\t\t<h2 class=\"fw-bold mb-4 font-size-60-30 text-gray lh-1\">Una experiencia Basura Cero<\/h2>\n\t\t\t\t\t\t<p class=\"mb-3  mb-md-5 pe-0 pe-md-5\"><p class=\" translation-block\">En WILDNESS, conocemos el impacto de la gesti\u00f3n de los residuos en los destinos, sobre todo en una regi\u00f3n tan remota como la Patagonia. Por esta raz\u00f3n, ofrecemos a los viajeros un boxlunch \u201cBasura Cero\u201d y hecho en casa para sus expediciones. <strong>Nuestros productos se compran localmente y apoyamos a peque\u00f1os negocios locales.<\/strong> Evitamos los pl\u00e1sticos de uso \u00fanico e invitamos a los viajeros a utilizar productos reutilizables.<\/p>\n<\/p>\n\t\t\t\t\t<\/div>\n\t\t\t\n\t\t\t\t  <\/div>\n\t\t\t\t  <div class=\"col-lg-6 col-12  order-1\">\n\t\t\t\t\t<div class=\"text-center px-lg-3 px-md-2 mb-lg-5 mb-md-5 mb-1\">\n\t\t\t\t\t\t\t<img decoding=\"async\" data-src=\"https:\/\/thewildness.org\/wp-content\/uploads\/2024\/06\/imagen_2024-06-23_112012597.png\" class=\"img-fluid lazyload\"  alt=\"Imagen\" src=\"data:image\/svg+xml;base64,PHN2ZyB3aWR0aD0iMSIgaGVpZ2h0PSIxIiB4bWxucz0iaHR0cDovL3d3dy53My5vcmcvMjAwMC9zdmciPjwvc3ZnPg==\" style=\"--smush-placeholder-width: 1352px; --smush-placeholder-aspect-ratio: 1352\/2192;\">\t\t\t\t\t\n\t\t\t\t\t\t<\/div>\n\t\t\t\t  <\/div>\n\t\t\t<\/div>\n\t\t\t\n\t\t\t\t\t\n\t\t\t<div class='d-lg-flex d-block mt-x'>\n\t\t\t\t\n\t\t\t\t<div class=\"col-lg-6 col-12 py-lg-5 py-2 order-1 align-content-center   d-block\">\n\t\t\t\t\t<div class=\"px-lg-3 px-md-2 px-0 mb-lg-5 mb-md-2 mb-1\">\n\t\t\t\t\t\t<h2 class=\"fw-bold mb-4 font-size-60-30 text-gray lh-1\">La educaci\u00f3n es clave.<\/h2>\n\t\t\t\t\t\t<p class=\"mb-3  mb-md-5 pe-0 pe-md-5\"><p class=\" translation-block\">En WILDNESS, creemos que la aventura es una poderosa forma de <strong>educar a las personas sobre las pr\u00e1cticas sustentables.<\/strong> Colaboramos con organizaciones en Chile con una gran audiencia como Austerra Society y Glaciares Chilenos para compartir contenido con fines educativos.<\/p>\n<\/p>\n\t\t\t\t\t<\/div>\n\t\t\t\n\t\t\t\t  <\/div>\n\t\t\t\t  <div class=\"col-lg-6 col-12  order-2\">\n\t\t\t\t\t<div class=\"text-center px-lg-3 px-md-2 mb-lg-5 mb-md-5 mb-1\">\n\t\t\t\t\t\t\t<img decoding=\"async\" data-src=\"https:\/\/thewildness.org\/wp-content\/uploads\/2024\/06\/imagen_2024-06-23_112047587.png\" class=\"img-fluid lazyload\"  alt=\"Imagen\" src=\"data:image\/svg+xml;base64,PHN2ZyB3aWR0aD0iMSIgaGVpZ2h0PSIxIiB4bWxucz0iaHR0cDovL3d3dy53My5vcmcvMjAwMC9zdmciPjwvc3ZnPg==\" style=\"--smush-placeholder-width: 1342px; --smush-placeholder-aspect-ratio: 1342\/1886;\">\t\t\t\t\t\n\t\t\t\t\t\t<\/div>\n\t\t\t\t  <\/div>\n\t\t\t<\/div>\n\t\t\t\n\t\t\t\t<\/div>\n\t\t\n\t <\/div>\n\t\t<\/section>\n\r\n\r\n&nbsp;","protected":false},"excerpt":{"rendered":"<p>&nbsp;<\/p>","protected":false},"author":1,"featured_media":0,"parent":0,"menu_order":0,"comment_status":"closed","ping_status":"closed","template":"","meta":{"_acf_changed":false,"footnotes":""},"class_list":["post-466","page","type-page","status-publish","hentry"],"acf":[],"yoast_head":"<!-- This site is optimized with the Yoast SEO plugin v25.3.1 - https:\/\/yoast.com\/wordpress\/plugins\/seo\/ -->\n<title>Content creation for conservation - The Wildness<\/title>\n<meta name=\"robots\" content=\"index, follow, max-snippet:-1, max-image-preview:large, max-video-preview:-1\" \/>\n<link rel=\"canonical\" href=\"https:\/\/thewildness.org\/es\/content-creation-for-conservation\/\" \/>\n<meta property=\"og:locale\" content=\"es_ES\" \/>\n<meta property=\"og:type\" content=\"article\" \/>\n<meta property=\"og:title\" content=\"Content creation for conservation - The Wildness\" \/>\n<meta property=\"og:description\" content=\"&nbsp;\" \/>\n<meta property=\"og:url\" content=\"https:\/\/thewildness.org\/es\/content-creation-for-conservation\/\" \/>\n<meta property=\"og:site_name\" content=\"The Wildness\" \/>\n<meta property=\"article:publisher\" content=\"https:\/\/www.facebook.com\/wildness.org?mibextid=LQQJ4d\" \/>\n<meta property=\"article:modified_time\" content=\"2024-07-04T00:31:45+00:00\" \/>\n<meta name=\"twitter:card\" content=\"summary_large_image\" \/>\n<script type=\"application\/ld+json\" class=\"yoast-schema-graph\">{\"@context\":\"https:\/\/schema.org\",\"@graph\":[{\"@type\":\"WebPage\",\"@id\":\"https:\/\/thewildness.org\/en\/content-creation-for-conservation\/\",\"url\":\"https:\/\/thewildness.org\/en\/content-creation-for-conservation\/\",\"name\":\"Content creation for conservation - The Wildness\",\"isPartOf\":{\"@id\":\"https:\/\/thewildness.org\/#website\"},\"datePublished\":\"2024-06-23T15:10:21+00:00\",\"dateModified\":\"2024-07-04T00:31:45+00:00\",\"breadcrumb\":{\"@id\":\"https:\/\/thewildness.org\/en\/content-creation-for-conservation\/#breadcrumb\"},\"inLanguage\":\"es-CL\",\"potentialAction\":[{\"@type\":\"ReadAction\",\"target\":[\"https:\/\/thewildness.org\/en\/content-creation-for-conservation\/\"]}]},{\"@type\":\"BreadcrumbList\",\"@id\":\"https:\/\/thewildness.org\/en\/content-creation-for-conservation\/#breadcrumb\",\"itemListElement\":[{\"@type\":\"ListItem\",\"position\":1,\"name\":\"Portada\",\"item\":\"https:\/\/thewildness.org\/\"},{\"@type\":\"ListItem\",\"position\":2,\"name\":\"Content creation for conservation\"}]},{\"@type\":\"WebSite\",\"@id\":\"https:\/\/thewildness.org\/#website\",\"url\":\"https:\/\/thewildness.org\/\",\"name\":\"The Wildness\",\"description\":\"\",\"publisher\":{\"@id\":\"https:\/\/thewildness.org\/#organization\"},\"potentialAction\":[{\"@type\":\"SearchAction\",\"target\":{\"@type\":\"EntryPoint\",\"urlTemplate\":\"https:\/\/thewildness.org\/?s={search_term_string}\"},\"query-input\":{\"@type\":\"PropertyValueSpecification\",\"valueRequired\":true,\"valueName\":\"search_term_string\"}}],\"inLanguage\":\"es-CL\"},{\"@type\":\"Organization\",\"@id\":\"https:\/\/thewildness.org\/#organization\",\"name\":\"The Wildness\",\"url\":\"https:\/\/thewildness.org\/\",\"logo\":{\"@type\":\"ImageObject\",\"inLanguage\":\"es-CL\",\"@id\":\"https:\/\/thewildness.org\/#\/schema\/logo\/image\/\",\"url\":null,\"contentUrl\":null,\"width\":null,\"height\":null,\"caption\":\"The Wildness\"},\"image\":{\"@id\":\"https:\/\/thewildness.org\/#\/schema\/logo\/image\/\"},\"sameAs\":[\"https:\/\/www.facebook.com\/wildness.org?mibextid=LQQJ4d\",\"https:\/\/www.instagram.com\/wildness_org\/\"]}]}<\/script>\n<!-- \/ Yoast SEO plugin. -->","yoast_head_json":{"title":"Content creation for conservation - The Wildness","robots":{"index":"index","follow":"follow","max-snippet":"max-snippet:-1","max-image-preview":"max-image-preview:large","max-video-preview":"max-video-preview:-1"},"canonical":"https:\/\/thewildness.org\/es\/content-creation-for-conservation\/","og_locale":"es_ES","og_type":"article","og_title":"Content creation for conservation - The Wildness","og_description":"&nbsp;","og_url":"https:\/\/thewildness.org\/es\/content-creation-for-conservation\/","og_site_name":"The Wildness","article_publisher":"https:\/\/www.facebook.com\/wildness.org?mibextid=LQQJ4d","article_modified_time":"2024-07-04T00:31:45+00:00","twitter_card":"summary_large_image","schema":{"@context":"https:\/\/schema.org","@graph":[{"@type":"WebPage","@id":"https:\/\/thewildness.org\/en\/content-creation-for-conservation\/","url":"https:\/\/thewildness.org\/en\/content-creation-for-conservation\/","name":"Content creation for conservation - The Wildness","isPartOf":{"@id":"https:\/\/thewildness.org\/#website"},"datePublished":"2024-06-23T15:10:21+00:00","dateModified":"2024-07-04T00:31:45+00:00","breadcrumb":{"@id":"https:\/\/thewildness.org\/en\/content-creation-for-conservation\/#breadcrumb"},"inLanguage":"es-CL","potentialAction":[{"@type":"ReadAction","target":["https:\/\/thewildness.org\/en\/content-creation-for-conservation\/"]}]},{"@type":"BreadcrumbList","@id":"https:\/\/thewildness.org\/en\/content-creation-for-conservation\/#breadcrumb","itemListElement":[{"@type":"ListItem","position":1,"name":"Portada","item":"https:\/\/thewildness.org\/"},{"@type":"ListItem","position":2,"name":"Content creation for conservation"}]},{"@type":"WebSite","@id":"https:\/\/thewildness.org\/#website","url":"https:\/\/thewildness.org\/","name":"The Wildness","description":"","publisher":{"@id":"https:\/\/thewildness.org\/#organization"},"potentialAction":[{"@type":"SearchAction","target":{"@type":"EntryPoint","urlTemplate":"https:\/\/thewildness.org\/?s={search_term_string}"},"query-input":{"@type":"PropertyValueSpecification","valueRequired":true,"valueName":"search_term_string"}}],"inLanguage":"es-CL"},{"@type":"Organization","@id":"https:\/\/thewildness.org\/#organization","name":"The Wildness","url":"https:\/\/thewildness.org\/","logo":{"@type":"ImageObject","inLanguage":"es-CL","@id":"https:\/\/thewildness.org\/#\/schema\/logo\/image\/","url":null,"contentUrl":null,"width":null,"height":null,"caption":"The Wildness"},"image":{"@id":"https:\/\/thewildness.org\/#\/schema\/logo\/image\/"},"sameAs":["https:\/\/www.facebook.com\/wildness.org?mibextid=LQQJ4d","https:\/\/www.instagram.com\/wildness_org\/"]}]}},"_links":{"self":[{"href":"https:\/\/thewildness.org\/es\/wp-json\/wp\/v2\/pages\/466","targetHints":{"allow":["GET"]}}],"collection":[{"href":"https:\/\/thewildness.org\/es\/wp-json\/wp\/v2\/pages"}],"about":[{"href":"https:\/\/thewildness.org\/es\/wp-json\/wp\/v2\/types\/page"}],"author":[{"embeddable":true,"href":"https:\/\/thewildness.org\/es\/wp-json\/wp\/v2\/users\/1"}],"replies":[{"embeddable":true,"href":"https:\/\/thewildness.org\/es\/wp-json\/wp\/v2\/comments?post=466"}],"version-history":[{"count":6,"href":"https:\/\/thewildness.org\/es\/wp-json\/wp\/v2\/pages\/466\/revisions"}],"predecessor-version":[{"id":661,"href":"https:\/\/thewildness.org\/es\/wp-json\/wp\/v2\/pages\/466\/revisions\/661"}],"wp:attachment":[{"href":"https:\/\/thewildness.org\/es\/wp-json\/wp\/v2\/media?parent=466"}],"curies":[{"name":"wp","href":"https:\/\/api.w.org\/{rel}","templated":true}]}}