{"id":423,"date":"2024-06-23T09:37:12","date_gmt":"2024-06-23T12:37:12","guid":{"rendered":"https:\/\/thewildness.org\/?page_id=423"},"modified":"2024-07-04T22:13:10","modified_gmt":"2024-07-05T01:13:10","slug":"photography-expeditions","status":"publish","type":"page","link":"https:\/\/thewildness.org\/es\/photography-expeditions\/","title":{"rendered":"Photo expediciones"},"content":{"rendered":"<section class=\"container-fluid\" >\n        <div class=\"row d-flex\">\n          <div class=\"col-12 banner py-4 px-1 px-lg-5  d-flex align-items-center lazyload\" style=\"    background:inherit;\" data-bg=\"linear-gradient(180deg, rgba(255,255,255,0) 0%, rgba(0,0,0,0.5) 0%),  url(https:\/\/thewildness.org\/wp-content\/uploads\/2024\/06\/imagen_2024-06-23_085005134.png)\">\n\t\t\t  <div class=\"mx-auto\" style=\"width:1500px;\">\n            <h1  class=\"fw-bold txt-banner text-white my-auto px-1 mx-auto\">Photo expediciones<\/h1>\n\t\t\t\t  <\/div>\n          <\/div>\n        <\/div>\n      <\/section>\n\r\n\r\n\t\n <section class=\"container\"><!--CT-->\n    <div class=\"row my-5\">\n\t\t<div class=\"col-lg-7 col-12\">\n\t\t\t<div class=\"text-center mb-4\">\n        \t    <img decoding=\"async\" data-src=\"https:\/\/thewildness.org\/wp-content\/uploads\/2024\/06\/imagen_2024-06-23_085040040.png\" class=\"img-fluid lazyload\"  alt=\"Imagen\" src=\"data:image\/svg+xml;base64,PHN2ZyB3aWR0aD0iMSIgaGVpZ2h0PSIxIiB4bWxucz0iaHR0cDovL3d3dy53My5vcmcvMjAwMC9zdmciPjwvc3ZnPg==\" style=\"--smush-placeholder-width: 1582px; --smush-placeholder-aspect-ratio: 1582\/1774;\">\t\t\t\t\t\n\t\t\t<\/div>\n      <\/div>\n      <div class=\"col-lg-5 col-12 d-block align-content-center\">\n        <div class=\"pe-0 pe-lg-5\">\n\t\t\t<h2 class=\"fw-bold mb-2 mb-md-4 font-size-80-30 lh-1\">Fotografiemos la belleza salvaje de la Patagonia<\/h2>\n        \t<div class=\"mb-md-5 mb-3 pe-0 pe-lg-5\"><p class=\" translation-block\">M\u00e1s all\u00e1 de ofrecer tours fotogr\u00e1ficos en la Patagonia, <strong>WILDNESS ofrece expediciones fotogr\u00e1ficas \u00fanicas en el parque nacional Torres del Paine<\/strong> y zonas aleda\u00f1as junto a un galardonado fot\u00f3grafo de naturaleza local, para capturar los fascinantes paisajes y la elusiva fauna silvestre de la regi\u00f3n m\u00e1s austral del planeta.<\/p>\n<p>&nbsp;<\/p>\n<p class=\" translation-block\"><strong>Nuestras expediciones fotogr\u00e1ficas en la Patagonia se organizan en peque\u00f1os grupos.<\/strong> Son dise\u00f1ados a medida por Timothy Dhalleine, un gu\u00eda y fot\u00f3grafo residente con m\u00e1s de 10 a\u00f1os de experiencia en la Patagonia. Las expediciones son \u00fanicas y se adaptan a los objetivos y al nivel de los fot\u00f3grafos, adem\u00e1s del nivel de comodidad que est\u00e1n buscando.<\/p>\n<\/div>\n\t\t <\/div>\n      <\/div>\n\t <\/div>\n\t\t<\/section>\n\r\n\r\n\t\n <section class=\"container-fluid bg-gray\"><!--CT-->\n    <div class=\"row my-5 mx-auto py-5\" style=\"max-width:1500px!important;\">\n\t\t<div class=\"col-12 w-50 text-start\">\n\t\t\t\n\t\t<\/div>\n\t\t<div class='rep'>\n\t\t\t\t\t\t\n\t\t\t<div class='d-md-flex d-block'>\n\t\t\t\t\n\t\t\t\t<div class=\"col-md-6 col-12 py-5 order-1   d-block align-content-center\">\n\t\t\t\t\t<div class=\"px-md-3 px-0 mb-md-5 mb-1\">\n\t\t\t\t\t\t<h2 class=\"fw-bold  font-size-80-60 text-gray lh-1 mb-5\"> Destinos disponibles: <\/h2>\n\t\t\t\t\t\t<h2 class=\"fw-bold mb-4 fs-45-30  lh-1\">Parque nacional Torres del Paine<\/h2>\n\t\t\t\t\t\t<div class=\"mb-md-5 mb-3 pe-0 pe-md-5\">y zonas aleda\u00f1as (Chile), incluyendo a Sierra Baguales y Cerro Guido.<\/div>\n\t\t\t\t\t<\/div>\n\t\t\t\n\t\t\t\t  <\/div>\n\t\t\t\t  <div class=\"col-md-6 col-12  order-2\">\n\t\t\t\t\t<div class=\"text-center px-0 px-md-3\">\n\t\t\t\t\t\t\t<img decoding=\"async\" data-src=\"https:\/\/thewildness.org\/wp-content\/uploads\/2024\/06\/imagen_2024-06-23_085149372.png\" class=\"img-fluid lazyload\"  alt=\"Imagen\" src=\"data:image\/svg+xml;base64,PHN2ZyB3aWR0aD0iMSIgaGVpZ2h0PSIxIiB4bWxucz0iaHR0cDovL3d3dy53My5vcmcvMjAwMC9zdmciPjwvc3ZnPg==\" style=\"--smush-placeholder-width: 1342px; --smush-placeholder-aspect-ratio: 1342\/1840;\">\t\t\t\t\t\n\t\t\t\t\t\t<\/div>\n\t\t\t\t  <\/div>\n\t\t\t<\/div>\n\t\t\t\n\t\t\t\t\t\n\t\t\t<div class='d-md-flex d-block mt-x'>\n\t\t\t\t\n\t\t\t\t<div class=\"col-md-6 col-12 py-5 order-2   d-block align-content-center\">\n\t\t\t\t\t<div class=\"px-md-3 px-0 mb-md-5 mb-1\">\n\t\t\t\t\t\t<h2 class=\"fw-bold  font-size-80-60 text-gray lh-1 mb-5\">  <\/h2>\n\t\t\t\t\t\t<h2 class=\"fw-bold mb-4 fs-45-30  lh-1\">Puerto Natales (Chile)<\/h2>\n\t\t\t\t\t\t<div class=\"mb-md-5 mb-3 pe-0 pe-md-5\">y zonas aleda\u00f1as, como Laguna Sof\u00eda y Sierra Dorotea.<\/div>\n\t\t\t\t\t<\/div>\n\t\t\t\n\t\t\t\t  <\/div>\n\t\t\t\t  <div class=\"col-md-6 col-12  order-1\">\n\t\t\t\t\t<div class=\"text-center px-0 px-md-3\">\n\t\t\t\t\t\t\t<img decoding=\"async\" data-src=\"https:\/\/thewildness.org\/wp-content\/uploads\/2024\/06\/imagen_2024-06-23_085217341.png\" class=\"img-fluid lazyload\"  alt=\"Imagen\" src=\"data:image\/svg+xml;base64,PHN2ZyB3aWR0aD0iMSIgaGVpZ2h0PSIxIiB4bWxucz0iaHR0cDovL3d3dy53My5vcmcvMjAwMC9zdmciPjwvc3ZnPg==\" style=\"--smush-placeholder-width: 1342px; --smush-placeholder-aspect-ratio: 1342\/1840;\">\t\t\t\t\t\n\t\t\t\t\t\t<\/div>\n\t\t\t\t  <\/div>\n\t\t\t<\/div>\n\t\t\t\n\t\t\t\t\t\n\t\t\t<div class='d-md-flex d-block mt-x'>\n\t\t\t\t\n\t\t\t\t<div class=\"col-md-6 col-12 py-5 order-1   d-block align-content-center\">\n\t\t\t\t\t<div class=\"px-md-3 px-0 mb-md-5 mb-1\">\n\t\t\t\t\t\t<h2 class=\"fw-bold  font-size-80-60 text-gray lh-1 mb-5\">  <\/h2>\n\t\t\t\t\t\t<h2 class=\"fw-bold mb-4 fs-45-30  lh-1\">Parque nacional Los Glaciares (Argentina),<\/h2>\n\t\t\t\t\t\t<div class=\"mb-md-5 mb-3 pe-0 pe-md-5\">incluyendo a El Chalt\u00e9n y el glaciar Perito Moreno.<\/div>\n\t\t\t\t\t<\/div>\n\t\t\t\n\t\t\t\t  <\/div>\n\t\t\t\t  <div class=\"col-md-6 col-12  order-2\">\n\t\t\t\t\t<div class=\"text-center px-0 px-md-3\">\n\t\t\t\t\t\t\t<img decoding=\"async\" data-src=\"https:\/\/thewildness.org\/wp-content\/uploads\/2024\/06\/imagen_2024-06-23_085239255.png\" class=\"img-fluid lazyload\"  alt=\"Imagen\" src=\"data:image\/svg+xml;base64,PHN2ZyB3aWR0aD0iMSIgaGVpZ2h0PSIxIiB4bWxucz0iaHR0cDovL3d3dy53My5vcmcvMjAwMC9zdmciPjwvc3ZnPg==\" style=\"--smush-placeholder-width: 1344px; --smush-placeholder-aspect-ratio: 1344\/1840;\">\t\t\t\t\t\n\t\t\t\t\t\t<\/div>\n\t\t\t\t  <\/div>\n\t\t\t<\/div>\n\t\t\t\n\t\t\t\t\t\n\t\t\t<div class='d-md-flex d-block mt-x'>\n\t\t\t\t\n\t\t\t\t<div class=\"col-md-6 col-12 py-5 order-2   d-block align-content-center\">\n\t\t\t\t\t<div class=\"px-md-3 px-0 mb-md-5 mb-1\">\n\t\t\t\t\t\t<h2 class=\"fw-bold  font-size-80-60 text-gray lh-1 mb-5\">  <\/h2>\n\t\t\t\t\t\t<h2 class=\"fw-bold mb-4 fs-45-30  lh-1\">Los fiordos de la Patagonia<\/h2>\n\t\t\t\t\t\t<div class=\"mb-md-5 mb-3 pe-0 pe-md-5\">incluyendo al canal de las monta\u00f1as en el parque nacional Kaw\u00e9sqar.<\/div>\n\t\t\t\t\t<\/div>\n\t\t\t\n\t\t\t\t  <\/div>\n\t\t\t\t  <div class=\"col-md-6 col-12  order-1\">\n\t\t\t\t\t<div class=\"text-center px-0 px-md-3\">\n\t\t\t\t\t\t\t<img decoding=\"async\" data-src=\"https:\/\/thewildness.org\/wp-content\/uploads\/2024\/06\/imagen_2024-06-23_085303377.png\" class=\"img-fluid lazyload\"  alt=\"Imagen\" src=\"data:image\/svg+xml;base64,PHN2ZyB3aWR0aD0iMSIgaGVpZ2h0PSIxIiB4bWxucz0iaHR0cDovL3d3dy53My5vcmcvMjAwMC9zdmciPjwvc3ZnPg==\" style=\"--smush-placeholder-width: 1342px; --smush-placeholder-aspect-ratio: 1342\/1840;\">\t\t\t\t\t\n\t\t\t\t\t\t<\/div>\n\t\t\t\t  <\/div>\n\t\t\t<\/div>\n\t\t\t\n\t\t\t\t<\/div>\n\t\t\n\t <\/div>\n\t\t<\/section>\n\r\n\r\n\t\n    <section class=\"container\"><!--Trip-->\n    <div class=\"row my-5\">\n\t\t<div class=\"col-12 px-5 d-block\">\n\t\t\t<h2 class=\"fw-bold mb-4 font-size-60 text-gray lh-1\">Imperdibles:\u00a0<\/h2>\n\t\t\t<div class=\"mb-5 ps-2 c-text\"><ul>\n<li><strong>Itinerarios personalizables<\/strong> en algunos de los lugares m\u00e1s espectaculares de la Patagonia.<\/li>\n<li><strong>Lugares fuera de lo com\u00fan<\/strong> para capturar rincones \u00fanicos de la Patagonia, incluso en zonas populares.<\/li>\n<li><strong>Encuentros responsables<\/strong> con la fauna caracter\u00edstica de la Patagonia, incluyendo guanacos, pumas y c\u00f3ndores andinos.<\/li>\n<li><strong>Expediciones con un fot\u00f3grafo local<\/strong> con a\u00f1os de experiencia, para sacar el mayor provecho de tu fotograf\u00eda en cualquier \u00e9poca del a\u00f1o.<\/li>\n<li>Expediciones fotogr\u00e1ficas dise\u00f1adas para todos los amantes de la fotograf\u00eda, independientemente de su nivel y experiencia.<strong> Se ofrecen workshops de fotograf\u00eda.<\/strong><\/li>\n<\/ul>\n<\/div>\n\t\t<\/div>\n    <\/div>\n\t\t<div class=\"row my-5 px-1\">\n\t\t<div class=\"col-8 px-0 px-md-1\">\n\t\t\t<img decoding=\"async\" data-src=\"https:\/\/thewildness.org\/wp-content\/uploads\/2024\/06\/imagen_2024-06-23_085419612.png\" class=\"img-fluid pep-img lazyload\"  alt=\"Imagen\" src=\"data:image\/svg+xml;base64,PHN2ZyB3aWR0aD0iMSIgaGVpZ2h0PSIxIiB4bWxucz0iaHR0cDovL3d3dy53My5vcmcvMjAwMC9zdmciPjwvc3ZnPg==\" style=\"--smush-placeholder-width: 1864px; --smush-placeholder-aspect-ratio: 1864\/1656;\">\n\t\t<\/div>\n\t\t\t<div class=\"col-4 d-block px-1 px-md-1\">\n\t\t\t<img decoding=\"async\" data-src=\"https:\/\/thewildness.org\/wp-content\/uploads\/2024\/06\/imagen_2024-06-23_085452381.png\" class=\"img-fluid  mb-1 mb-md-3 pex-img lazyload\"  alt=\"Imagen\" src=\"data:image\/svg+xml;base64,PHN2ZyB3aWR0aD0iMSIgaGVpZ2h0PSIxIiB4bWxucz0iaHR0cDovL3d3dy53My5vcmcvMjAwMC9zdmciPjwvc3ZnPg==\" style=\"--smush-placeholder-width: 916px; --smush-placeholder-aspect-ratio: 916\/818;\">\n\t\t\t<img decoding=\"async\" data-src=\"https:\/\/thewildness.org\/wp-content\/uploads\/2024\/06\/imagen_2024-06-23_085509100.png\" class=\"img-fluid pex-img lazyload\"  alt=\"Imagen\" src=\"data:image\/svg+xml;base64,PHN2ZyB3aWR0aD0iMSIgaGVpZ2h0PSIxIiB4bWxucz0iaHR0cDovL3d3dy53My5vcmcvMjAwMC9zdmciPjwvc3ZnPg==\" style=\"--smush-placeholder-width: 916px; --smush-placeholder-aspect-ratio: 916\/818;\">\n\t\t<\/div>\n    <\/div>\n  <\/section> \n\r\n\r\n\t\n    <section class=\"container\"><!--type CT-->\n    <div class=\"row my-5 pb-5\">\n\t\t<div class=\"col-12 d-flex mb-3 justify-content-center\">\t\t\t\n\t\t\t<h2 class=\"text-green fw-bold font-size-60-40 text-center mb-4\">Exploremos juntos<\/h2>\n\t\t\t\n\t\t<\/div>\n\t\t<div class=\"col-12 d-flex flex-wrap d-md-flex justify-content-center\">\t\n\t\t\t\t\t\t<a class='btn rounded-pill btn-primary px-4 me-3 mb-3' href=\"https:\/\/thewildness.org\/es\/contact\/\">Cont\u00e1ctanos <i class=\"ms-3 my-auto fa-solid fa-chevron-right\" style=\"color: #ffffff;\"><\/i><\/a>\n\t\t\t\t\t\t\t\t\t<a class='btn rounded-pill btn-primary px-4 me-3 mb-3' href=\"https:\/\/thewildness.org\/es\/expedition\/there-are-many-variations\/\">Pr\u00f3ximas expediciones <i class=\"ms-3 fa-solid my-auto fa-chevron-right\" style=\"color: #ffffff;\"><\/i><\/a>\n\t\t\t\t\t<\/div>\n\t<\/div>\n  <\/section>","protected":false},"excerpt":{"rendered":"","protected":false},"author":1,"featured_media":0,"parent":0,"menu_order":0,"comment_status":"closed","ping_status":"closed","template":"","meta":{"_acf_changed":false,"footnotes":""},"class_list":["post-423","page","type-page","status-publish","hentry"],"acf":[],"yoast_head":"<!-- This site is optimized with the Yoast SEO plugin v25.3.1 - https:\/\/yoast.com\/wordpress\/plugins\/seo\/ -->\n<title>Photography expeditions - The Wildness<\/title>\n<meta name=\"robots\" content=\"index, follow, max-snippet:-1, max-image-preview:large, max-video-preview:-1\" \/>\n<link rel=\"canonical\" href=\"https:\/\/thewildness.org\/es\/photography-expeditions\/\" \/>\n<meta property=\"og:locale\" content=\"es_ES\" \/>\n<meta property=\"og:type\" content=\"article\" \/>\n<meta property=\"og:title\" content=\"Photography expeditions - The Wildness\" \/>\n<meta property=\"og:url\" content=\"https:\/\/thewildness.org\/es\/photography-expeditions\/\" \/>\n<meta property=\"og:site_name\" content=\"The Wildness\" \/>\n<meta property=\"article:publisher\" content=\"https:\/\/www.facebook.com\/wildness.org?mibextid=LQQJ4d\" \/>\n<meta property=\"article:modified_time\" content=\"2024-07-05T01:13:10+00:00\" \/>\n<meta name=\"twitter:card\" content=\"summary_large_image\" \/>\n<script type=\"application\/ld+json\" class=\"yoast-schema-graph\">{\"@context\":\"https:\/\/schema.org\",\"@graph\":[{\"@type\":\"WebPage\",\"@id\":\"https:\/\/thewildness.org\/en\/photography-expeditions\/\",\"url\":\"https:\/\/thewildness.org\/en\/photography-expeditions\/\",\"name\":\"Photography expeditions - The Wildness\",\"isPartOf\":{\"@id\":\"https:\/\/thewildness.org\/#website\"},\"datePublished\":\"2024-06-23T12:37:12+00:00\",\"dateModified\":\"2024-07-05T01:13:10+00:00\",\"breadcrumb\":{\"@id\":\"https:\/\/thewildness.org\/en\/photography-expeditions\/#breadcrumb\"},\"inLanguage\":\"es-CL\",\"potentialAction\":[{\"@type\":\"ReadAction\",\"target\":[\"https:\/\/thewildness.org\/en\/photography-expeditions\/\"]}]},{\"@type\":\"BreadcrumbList\",\"@id\":\"https:\/\/thewildness.org\/en\/photography-expeditions\/#breadcrumb\",\"itemListElement\":[{\"@type\":\"ListItem\",\"position\":1,\"name\":\"Portada\",\"item\":\"https:\/\/thewildness.org\/\"},{\"@type\":\"ListItem\",\"position\":2,\"name\":\"Photography expeditions\"}]},{\"@type\":\"WebSite\",\"@id\":\"https:\/\/thewildness.org\/#website\",\"url\":\"https:\/\/thewildness.org\/\",\"name\":\"The Wildness\",\"description\":\"\",\"publisher\":{\"@id\":\"https:\/\/thewildness.org\/#organization\"},\"potentialAction\":[{\"@type\":\"SearchAction\",\"target\":{\"@type\":\"EntryPoint\",\"urlTemplate\":\"https:\/\/thewildness.org\/?s={search_term_string}\"},\"query-input\":{\"@type\":\"PropertyValueSpecification\",\"valueRequired\":true,\"valueName\":\"search_term_string\"}}],\"inLanguage\":\"es-CL\"},{\"@type\":\"Organization\",\"@id\":\"https:\/\/thewildness.org\/#organization\",\"name\":\"The Wildness\",\"url\":\"https:\/\/thewildness.org\/\",\"logo\":{\"@type\":\"ImageObject\",\"inLanguage\":\"es-CL\",\"@id\":\"https:\/\/thewildness.org\/#\/schema\/logo\/image\/\",\"url\":null,\"contentUrl\":null,\"width\":null,\"height\":null,\"caption\":\"The Wildness\"},\"image\":{\"@id\":\"https:\/\/thewildness.org\/#\/schema\/logo\/image\/\"},\"sameAs\":[\"https:\/\/www.facebook.com\/wildness.org?mibextid=LQQJ4d\",\"https:\/\/www.instagram.com\/wildness_org\/\"]}]}<\/script>\n<!-- \/ Yoast SEO plugin. -->","yoast_head_json":{"title":"Photography expeditions - The Wildness","robots":{"index":"index","follow":"follow","max-snippet":"max-snippet:-1","max-image-preview":"max-image-preview:large","max-video-preview":"max-video-preview:-1"},"canonical":"https:\/\/thewildness.org\/es\/photography-expeditions\/","og_locale":"es_ES","og_type":"article","og_title":"Photography expeditions - The Wildness","og_url":"https:\/\/thewildness.org\/es\/photography-expeditions\/","og_site_name":"The Wildness","article_publisher":"https:\/\/www.facebook.com\/wildness.org?mibextid=LQQJ4d","article_modified_time":"2024-07-05T01:13:10+00:00","twitter_card":"summary_large_image","schema":{"@context":"https:\/\/schema.org","@graph":[{"@type":"WebPage","@id":"https:\/\/thewildness.org\/en\/photography-expeditions\/","url":"https:\/\/thewildness.org\/en\/photography-expeditions\/","name":"Photography expeditions - The Wildness","isPartOf":{"@id":"https:\/\/thewildness.org\/#website"},"datePublished":"2024-06-23T12:37:12+00:00","dateModified":"2024-07-05T01:13:10+00:00","breadcrumb":{"@id":"https:\/\/thewildness.org\/en\/photography-expeditions\/#breadcrumb"},"inLanguage":"es-CL","potentialAction":[{"@type":"ReadAction","target":["https:\/\/thewildness.org\/en\/photography-expeditions\/"]}]},{"@type":"BreadcrumbList","@id":"https:\/\/thewildness.org\/en\/photography-expeditions\/#breadcrumb","itemListElement":[{"@type":"ListItem","position":1,"name":"Portada","item":"https:\/\/thewildness.org\/"},{"@type":"ListItem","position":2,"name":"Photography expeditions"}]},{"@type":"WebSite","@id":"https:\/\/thewildness.org\/#website","url":"https:\/\/thewildness.org\/","name":"The Wildness","description":"","publisher":{"@id":"https:\/\/thewildness.org\/#organization"},"potentialAction":[{"@type":"SearchAction","target":{"@type":"EntryPoint","urlTemplate":"https:\/\/thewildness.org\/?s={search_term_string}"},"query-input":{"@type":"PropertyValueSpecification","valueRequired":true,"valueName":"search_term_string"}}],"inLanguage":"es-CL"},{"@type":"Organization","@id":"https:\/\/thewildness.org\/#organization","name":"The Wildness","url":"https:\/\/thewildness.org\/","logo":{"@type":"ImageObject","inLanguage":"es-CL","@id":"https:\/\/thewildness.org\/#\/schema\/logo\/image\/","url":null,"contentUrl":null,"width":null,"height":null,"caption":"The Wildness"},"image":{"@id":"https:\/\/thewildness.org\/#\/schema\/logo\/image\/"},"sameAs":["https:\/\/www.facebook.com\/wildness.org?mibextid=LQQJ4d","https:\/\/www.instagram.com\/wildness_org\/"]}]}},"_links":{"self":[{"href":"https:\/\/thewildness.org\/es\/wp-json\/wp\/v2\/pages\/423","targetHints":{"allow":["GET"]}}],"collection":[{"href":"https:\/\/thewildness.org\/es\/wp-json\/wp\/v2\/pages"}],"about":[{"href":"https:\/\/thewildness.org\/es\/wp-json\/wp\/v2\/types\/page"}],"author":[{"embeddable":true,"href":"https:\/\/thewildness.org\/es\/wp-json\/wp\/v2\/users\/1"}],"replies":[{"embeddable":true,"href":"https:\/\/thewildness.org\/es\/wp-json\/wp\/v2\/comments?post=423"}],"version-history":[{"count":7,"href":"https:\/\/thewildness.org\/es\/wp-json\/wp\/v2\/pages\/423\/revisions"}],"predecessor-version":[{"id":672,"href":"https:\/\/thewildness.org\/es\/wp-json\/wp\/v2\/pages\/423\/revisions\/672"}],"wp:attachment":[{"href":"https:\/\/thewildness.org\/es\/wp-json\/wp\/v2\/media?parent=423"}],"curies":[{"name":"wp","href":"https:\/\/api.w.org\/{rel}","templated":true}]}}