{"id":383,"date":"2024-06-22T13:16:56","date_gmt":"2024-06-22T16:16:56","guid":{"rendered":"https:\/\/thewildness.org\/?page_id=383"},"modified":"2024-06-27T20:47:38","modified_gmt":"2024-06-27T23:47:38","slug":"about-us","status":"publish","type":"page","link":"https:\/\/thewildness.org\/es\/about-us\/","title":{"rendered":"Qui\u00e9nes Somos"},"content":{"rendered":"<section class=\"container-fluid\" >\n        <div class=\"row d-flex\">\n          <div class=\"col-12 banner py-4 px-1 px-lg-5  d-flex align-items-center lazyload\" style=\"    background:inherit;\" data-bg=\"linear-gradient(180deg, rgba(255,255,255,0) 0%, rgba(0,0,0,0.5) 0%),  url(https:\/\/thewildness.org\/wp-content\/uploads\/2024\/06\/imagen_2024-06-22_122843454.png)\">\n\t\t\t  <div class=\"mx-auto\" style=\"width:1500px;\">\n            <h1  class=\"fw-bold txt-banner text-white my-auto px-1 mx-auto\">Qui\u00e9nes Somos<\/h1>\n\t\t\t\t  <\/div>\n          <\/div>\n        <\/div>\n      <\/section>\n\r\n\r\n\t\n <section class=\"container\"><!--CT-->\n    <div class=\"row my-5\">\n\t\t<div class=\"col-lg-7 col-12  mb-3\">\n\t\t\t<div class=\"text-center\">\n        \t    <img decoding=\"async\" data-src=\"https:\/\/thewildness.org\/wp-content\/uploads\/2024\/06\/imagen_2024-06-22_122904437.png\" class=\"img-fluid lazyload\"  alt=\"Imagen\" src=\"data:image\/svg+xml;base64,PHN2ZyB3aWR0aD0iMSIgaGVpZ2h0PSIxIiB4bWxucz0iaHR0cDovL3d3dy53My5vcmcvMjAwMC9zdmciPjwvc3ZnPg==\" style=\"--smush-placeholder-width: 1574px; --smush-placeholder-aspect-ratio: 1574\/1774;\">\t\t\t\t\t\n\t\t\t<\/div>\n      <\/div>\n      <div class=\"col-lg-5 col-12 d-block align-content-start\">\n        <div class=\"pe-0 pe-lg-5 px-lg-3 px-0 mb-md-5 mb-1\">\n\t\t\t<h2 class=\"fw-bold mb-md-4 mb-3 font-size-80-40 lh-1\">Somos WILDNESS<\/h2>\n        <div class=\"mb-3  mb-md-5 pe-0 pe-lg-5\"><p class=\" translation-block\"><strong>WILDNESS fue fundado en 2023 en Puerto Natales, Patagonia, Chile.<\/strong> Como organizaci\u00f3n familiar, su misi\u00f3n es ocupar la creaci\u00f3n de contenido como una herramienta para generar cambios positivos en el turismo aventura. <br><\/p>\n<p>&nbsp;<\/p>\n<p class=\" translation-block\"><strong>Fue creado por Timothy Dhalleine y Lisette Nu\u00f1ez,<\/strong> una pareja apasionada por las aventuras en la naturaleza que contribuy\u00f3 en hacer del parque nacional Torres del Paine un destino de renombre internacional por los \u00faltimos 10 a\u00f1os.<\/p>\n<p>&nbsp;<\/p>\n<p>Al crear WILDNESS, Timothy y Lisette quer\u00edan contar historias mostrando emociones en la naturaleza y el poder de cambio de la aventura, una palabra que define sus propias vidas. Adem\u00e1s, WILDNESS tiene como objetivo unir viajeros con una pasi\u00f3n com\u00fan : la fotograf\u00eda.<\/p>\n<p>&nbsp;<\/p>\n<p class=\" translation-block\"><strong>Timothy es un galardonado fot\u00f3grafo<\/strong> con m\u00e1s de una d\u00e9cada de experiencia fotografiando la naturaleza pr\u00edstina de la Patagonia.<\/p>\n<\/div>\n\t\t <\/div>\n      <\/div>\n\t <\/div>\n\t\t<\/section>\n\r\n\r\n\t\n <section class=\"container\"><!--CT-->\n    <div class=\"row my-5 pb-5\">\n\t\t<div class=\"col-lg-7 col-12 order-1 order-lg-2 mb-3\">\n\t\t\t<div class=\"text-center\">\n        \t    <img decoding=\"async\" data-src=\"https:\/\/thewildness.org\/wp-content\/uploads\/2024\/06\/imagen_2024-06-22_123003275.png\" class=\"img-fluid lazyload\"  alt=\"Imagen\" src=\"data:image\/svg+xml;base64,PHN2ZyB3aWR0aD0iMSIgaGVpZ2h0PSIxIiB4bWxucz0iaHR0cDovL3d3dy53My5vcmcvMjAwMC9zdmciPjwvc3ZnPg==\" style=\"--smush-placeholder-width: 1538px; --smush-placeholder-aspect-ratio: 1538\/2334;\">\t\t\t\n\t\t\t\t\n\t\t\t<\/div>\n      <\/div>\n      <div class=\"col-lg-5 mb-5 col-12 d-block align-content-start order-2 order-lg-1\">\n        <div class=\"pe-0 pe-lg-5 mb-md-5 mb-1\">\n\t\t\t<h2 class=\"fw-bold mb-md-4 mb-3 font-size-80-40 lh-1\">Contenido con impacto<\/h2>\n        <p class=\"mb-3  mb-md-5 pe-0 pe-lg-5\"><p>En su trabajo, Timothy explora el lugar de los seres humanos en su \u00fanico hogar : la naturaleza. Ha pasado a\u00f1os capturando las maravillas de Torres del Paine, donde fotografi\u00f3 cientos de amaneceres y encuentros con fauna silvestre en lugares fuera de los circuitos convencionales. Su trabajo se ha mostrado en medios internacionales, como THE GUARDIAN, LA NACI\u00d3N y LATAM Airlines.<\/p>\n<p>&nbsp;<\/p>\n<p>Timothy tambi\u00e9n es un filmmaker, y algunos de sus cortometrajes fueron seleccionados y galardonados en algunos de los festivales de cine aventura m\u00e1s importantes, como el Vancouver International Mountain Film Festival, Adventure in Motion (ATTA), el festival de FASTNET y el festival de aventura de SHEFFIELD.<\/p>\n<p>&nbsp;<\/p>\n<p class=\" translation-block\"><strong>Timothy y Lisette comparten una pasi\u00f3n com\u00fan por el servicio,<\/strong> con a\u00f1os de experiencia en ecoturismo en la Patagonia. Lisette es una experta en servicio al cliente y trabaj\u00f3 en hoteles renombrados de Torres del Paine, donde dej\u00f3 una huella con su energ\u00eda positiva y atenci\u00f3n al detalle. WILDNESS es la representaci\u00f3n de esta dedicaci\u00f3n para cambiar la vida de las personas con experiencias transformadoras en la naturaleza.<\/p>\n<p>&nbsp;<\/p>\n<p class=\" translation-block\">M\u00e1s all\u00e1 de la creaci\u00f3n de contenido y expediciones fotogr\u00e1ficas en la Patagonia, <strong>WILDNESS apoya directamente  a proyectos de conservaci\u00f3n en la regi\u00f3n.<\/strong> 1% de los ingresos de la empresa se destina al Torres del Paine Legacy Fund, una iniciativa sin fines de lucro que lidera proyectos de conservaci\u00f3n de la fauna y de restauraci\u00f3n de senderos en la zona.<\/p>\n<p>&nbsp;<\/p>\n<p>Con WILDNESS, Timothy y Lisette quieren construir un legado conectando a las personas emocionalmente con la naturaleza, que consideran como la mejor escuela. Un concepto que comparten a diario con su hija aventurera y peque\u00f1a representante de WILDNESS, Naiomi.<\/p>\n<\/p>\n\t\t <\/div>\n      <\/div>\n\t <\/div>\n\t\t<\/section>","protected":false},"excerpt":{"rendered":"","protected":false},"author":1,"featured_media":0,"parent":0,"menu_order":0,"comment_status":"closed","ping_status":"closed","template":"","meta":{"_acf_changed":false,"footnotes":""},"class_list":["post-383","page","type-page","status-publish","hentry"],"acf":[],"yoast_head":"<!-- This site is optimized with the Yoast SEO plugin v25.3.1 - https:\/\/yoast.com\/wordpress\/plugins\/seo\/ -->\n<title>About Us - The Wildness<\/title>\n<meta name=\"robots\" content=\"index, follow, max-snippet:-1, max-image-preview:large, max-video-preview:-1\" \/>\n<link rel=\"canonical\" href=\"https:\/\/thewildness.org\/es\/about-us\/\" \/>\n<meta property=\"og:locale\" content=\"es_ES\" \/>\n<meta property=\"og:type\" content=\"article\" \/>\n<meta property=\"og:title\" content=\"About Us - The Wildness\" \/>\n<meta property=\"og:url\" content=\"https:\/\/thewildness.org\/es\/about-us\/\" \/>\n<meta property=\"og:site_name\" content=\"The Wildness\" \/>\n<meta property=\"article:publisher\" content=\"https:\/\/www.facebook.com\/wildness.org?mibextid=LQQJ4d\" \/>\n<meta property=\"article:modified_time\" content=\"2024-06-27T23:47:38+00:00\" \/>\n<meta name=\"twitter:card\" content=\"summary_large_image\" \/>\n<script type=\"application\/ld+json\" class=\"yoast-schema-graph\">{\"@context\":\"https:\/\/schema.org\",\"@graph\":[{\"@type\":\"WebPage\",\"@id\":\"https:\/\/thewildness.org\/about-us\/\",\"url\":\"https:\/\/thewildness.org\/about-us\/\",\"name\":\"About Us - The Wildness\",\"isPartOf\":{\"@id\":\"https:\/\/thewildness.org\/#website\"},\"datePublished\":\"2024-06-22T16:16:56+00:00\",\"dateModified\":\"2024-06-27T23:47:38+00:00\",\"breadcrumb\":{\"@id\":\"https:\/\/thewildness.org\/about-us\/#breadcrumb\"},\"inLanguage\":\"es-CL\",\"potentialAction\":[{\"@type\":\"ReadAction\",\"target\":[\"https:\/\/thewildness.org\/about-us\/\"]}]},{\"@type\":\"BreadcrumbList\",\"@id\":\"https:\/\/thewildness.org\/about-us\/#breadcrumb\",\"itemListElement\":[{\"@type\":\"ListItem\",\"position\":1,\"name\":\"Portada\",\"item\":\"https:\/\/thewildness.org\/\"},{\"@type\":\"ListItem\",\"position\":2,\"name\":\"About Us\"}]},{\"@type\":\"WebSite\",\"@id\":\"https:\/\/thewildness.org\/#website\",\"url\":\"https:\/\/thewildness.org\/\",\"name\":\"The Wildness\",\"description\":\"\",\"publisher\":{\"@id\":\"https:\/\/thewildness.org\/#organization\"},\"potentialAction\":[{\"@type\":\"SearchAction\",\"target\":{\"@type\":\"EntryPoint\",\"urlTemplate\":\"https:\/\/thewildness.org\/?s={search_term_string}\"},\"query-input\":{\"@type\":\"PropertyValueSpecification\",\"valueRequired\":true,\"valueName\":\"search_term_string\"}}],\"inLanguage\":\"es-CL\"},{\"@type\":\"Organization\",\"@id\":\"https:\/\/thewildness.org\/#organization\",\"name\":\"The Wildness\",\"url\":\"https:\/\/thewildness.org\/\",\"logo\":{\"@type\":\"ImageObject\",\"inLanguage\":\"es-CL\",\"@id\":\"https:\/\/thewildness.org\/#\/schema\/logo\/image\/\",\"url\":null,\"contentUrl\":null,\"width\":null,\"height\":null,\"caption\":\"The Wildness\"},\"image\":{\"@id\":\"https:\/\/thewildness.org\/#\/schema\/logo\/image\/\"},\"sameAs\":[\"https:\/\/www.facebook.com\/wildness.org?mibextid=LQQJ4d\",\"https:\/\/www.instagram.com\/wildness_org\/\"]}]}<\/script>\n<!-- \/ Yoast SEO plugin. -->","yoast_head_json":{"title":"About Us - The Wildness","robots":{"index":"index","follow":"follow","max-snippet":"max-snippet:-1","max-image-preview":"max-image-preview:large","max-video-preview":"max-video-preview:-1"},"canonical":"https:\/\/thewildness.org\/es\/about-us\/","og_locale":"es_ES","og_type":"article","og_title":"About Us - The Wildness","og_url":"https:\/\/thewildness.org\/es\/about-us\/","og_site_name":"The Wildness","article_publisher":"https:\/\/www.facebook.com\/wildness.org?mibextid=LQQJ4d","article_modified_time":"2024-06-27T23:47:38+00:00","twitter_card":"summary_large_image","schema":{"@context":"https:\/\/schema.org","@graph":[{"@type":"WebPage","@id":"https:\/\/thewildness.org\/about-us\/","url":"https:\/\/thewildness.org\/about-us\/","name":"About Us - The Wildness","isPartOf":{"@id":"https:\/\/thewildness.org\/#website"},"datePublished":"2024-06-22T16:16:56+00:00","dateModified":"2024-06-27T23:47:38+00:00","breadcrumb":{"@id":"https:\/\/thewildness.org\/about-us\/#breadcrumb"},"inLanguage":"es-CL","potentialAction":[{"@type":"ReadAction","target":["https:\/\/thewildness.org\/about-us\/"]}]},{"@type":"BreadcrumbList","@id":"https:\/\/thewildness.org\/about-us\/#breadcrumb","itemListElement":[{"@type":"ListItem","position":1,"name":"Portada","item":"https:\/\/thewildness.org\/"},{"@type":"ListItem","position":2,"name":"About Us"}]},{"@type":"WebSite","@id":"https:\/\/thewildness.org\/#website","url":"https:\/\/thewildness.org\/","name":"The Wildness","description":"","publisher":{"@id":"https:\/\/thewildness.org\/#organization"},"potentialAction":[{"@type":"SearchAction","target":{"@type":"EntryPoint","urlTemplate":"https:\/\/thewildness.org\/?s={search_term_string}"},"query-input":{"@type":"PropertyValueSpecification","valueRequired":true,"valueName":"search_term_string"}}],"inLanguage":"es-CL"},{"@type":"Organization","@id":"https:\/\/thewildness.org\/#organization","name":"The Wildness","url":"https:\/\/thewildness.org\/","logo":{"@type":"ImageObject","inLanguage":"es-CL","@id":"https:\/\/thewildness.org\/#\/schema\/logo\/image\/","url":null,"contentUrl":null,"width":null,"height":null,"caption":"The Wildness"},"image":{"@id":"https:\/\/thewildness.org\/#\/schema\/logo\/image\/"},"sameAs":["https:\/\/www.facebook.com\/wildness.org?mibextid=LQQJ4d","https:\/\/www.instagram.com\/wildness_org\/"]}]}},"_links":{"self":[{"href":"https:\/\/thewildness.org\/es\/wp-json\/wp\/v2\/pages\/383","targetHints":{"allow":["GET"]}}],"collection":[{"href":"https:\/\/thewildness.org\/es\/wp-json\/wp\/v2\/pages"}],"about":[{"href":"https:\/\/thewildness.org\/es\/wp-json\/wp\/v2\/types\/page"}],"author":[{"embeddable":true,"href":"https:\/\/thewildness.org\/es\/wp-json\/wp\/v2\/users\/1"}],"replies":[{"embeddable":true,"href":"https:\/\/thewildness.org\/es\/wp-json\/wp\/v2\/comments?post=383"}],"version-history":[{"count":6,"href":"https:\/\/thewildness.org\/es\/wp-json\/wp\/v2\/pages\/383\/revisions"}],"predecessor-version":[{"id":584,"href":"https:\/\/thewildness.org\/es\/wp-json\/wp\/v2\/pages\/383\/revisions\/584"}],"wp:attachment":[{"href":"https:\/\/thewildness.org\/es\/wp-json\/wp\/v2\/media?parent=383"}],"curies":[{"name":"wp","href":"https:\/\/api.w.org\/{rel}","templated":true}]}}