{"id":346,"date":"2024-06-22T10:22:00","date_gmt":"2024-06-22T13:22:00","guid":{"rendered":"https:\/\/thewildness.org\/?page_id=346"},"modified":"2024-07-14T17:35:34","modified_gmt":"2024-07-14T20:35:34","slug":"content-creation","status":"publish","type":"page","link":"https:\/\/thewildness.org\/es\/content-creation\/","title":{"rendered":"Creaci\u00f3n de Contenido"},"content":{"rendered":"<section class=\"container-fluid\" >\n        <div class=\"row d-flex\">\n          <div class=\"col-12 banner py-4 px-1 px-lg-5  d-flex align-items-center lazyload\" style=\"    background:inherit;\" data-bg=\"linear-gradient(180deg, rgba(255,255,255,0) 0%, rgba(0,0,0,0.5) 0%),  url(https:\/\/thewildness.org\/wp-content\/uploads\/2024\/06\/imagen_2024-06-22_102621410.png)\">\n\t\t\t  <div class=\"mx-auto\" style=\"width:1500px;\">\n            <h1  class=\"fw-bold txt-banner text-white my-auto px-1 mx-auto\">Capturando emociones en la naturaleza<\/h1>\n\t\t\t\t  <\/div>\n          <\/div>\n        <\/div>\n      <\/section>\n\r\n\r\n\t\n <section class=\"container\"><!--CT-->\n    <div class=\"row my-5\">\n\t\t<div class=\"col-lg-6 col-12 order-1 order-md-2\">\n\t\t\t<div class=\"text-center\">\n        \t    <img decoding=\"async\" data-src=\"https:\/\/thewildness.org\/wp-content\/uploads\/2024\/06\/imagen_2024-06-22_102831109.png\" class=\"img-fluid lazyload\"  alt=\"Imagen\" src=\"data:image\/svg+xml;base64,PHN2ZyB3aWR0aD0iMSIgaGVpZ2h0PSIxIiB4bWxucz0iaHR0cDovL3d3dy53My5vcmcvMjAwMC9zdmciPjwvc3ZnPg==\" style=\"--smush-placeholder-width: 1454px; --smush-placeholder-aspect-ratio: 1454\/824;\">\n\t\t\t\t<p class=\"fw-bold mt-4 mb-4 fs-20-17\">\u201cNuestra misi\u00f3n : crear contenido de alto impacto\u201d<\/p>\t\t\t\t\n\t\t\t<\/div>\n      <\/div>\n      <div class=\"col-lg-6 col-12 order-2 order-md-1 d-block align-content-center\">\n        <div class=\"pe-0 pe-lg-5\">\n\t\t\t<h2 class=\"fw-bold mb-4 fs-60px lh-1\">Capturando emociones en la naturaleza<\/h2>\n        <p class=\"mb-5  pe-0 pe-lg-5\">En WILDNESS, creamos contenido fotogr\u00e1fico y audiovisual de alta calidad para el turismo aventura y organizaciones vinculadas a la naturaleza en la regi\u00f3n m\u00e1s austral del mundo : la Patagonia. El contenido es creado por Timothy Dhalleine, un galardonado fot\u00f3grafo y filmmaker con m\u00e1s de 10 a\u00f1os de experiencia en la regi\u00f3n.<\/p>\n\t\t <\/div>\n      <\/div>\n\t <\/div>\n\t\t<\/section>\n\r\n\r\n\t\n    <section class=\"container-fluid bg-gray\"><!--type CT-->\n    <div class=\"row px-1 my-5 mx-auto py-5\" style=\"max-width:1500px;\">\n\t\t<h2 class=\"fw-bold font-size-50-30 text-center mt-5\">ELIGE EL TIPO DE CONTENIDO<\/h2>\n\t\t<ul class=\"mt-4 mb-5 nav justify-content-center nav-pills\" id=\"myTab\" role=\"tablist\">\n\t\t\t<li class=\"nav-item mx-1 mx-md-3 mb-3\" role=\"photography\">\n\t\t\t  <button class=\"nav-link active\" id=\"tab1-tab\" data-bs-toggle=\"tab\" data-bs-target=\"#tab1\" type=\"button\" role=\"tab\" aria-controls=\"tab1\" aria-selected=\"true\">Fotograf\u00eda<\/button>\n\t\t\t<\/li>\n\t\t\t<li class=\"nav-item mx-1 mx-md-3 mb-3\" role=\"video\">\n\t\t\t  <button class=\"nav-link\" id=\"tab2-tab\" data-bs-toggle=\"tab\" data-bs-target=\"#tab2\" type=\"button\" role=\"tab\" aria-controls=\"tab2\" aria-selected=\"false\">Audiovisual<\/button>\n\t\t\t<\/li>    \n\t\t  <\/ul>\n  <div class=\"tab-content\" id=\"myTabContent\">\n    <div class=\"tab-pane fade show active\" id=\"tab1\" role=\"tabpanel\" aria-labelledby=\"tab1-tab\">\n      <h3 class='font-size-50-30 fw-bold mb-3 mb-md-5'>Fotograf\u00eda<\/h3>\n\t\t<div class='text-ct'><p>La naturaleza es nuestra adicci\u00f3n y la aventura, nuestra pasi\u00f3n. En WILDNESS, capturamos emociones en la naturaleza. A trav\u00e9s de la fotograf\u00eda, queremos que las personas sientan atracci\u00f3n por el lugar y el poder de la naturaleza solo al mirar una imagen. Estos son los servicios fotogr\u00e1ficos que ofrecemos :<\/p>\n<p>&nbsp;<\/p>\n<ul>\n<li><strong>Fotograf\u00eda para turismo aventura.<\/strong> Nos encanta explorar lugares pr\u00edstinos, sea caminando, en kayak, a caballo o en bicicleta. Capturamos momentos \u00fanicos que reflejan el esp\u00edritu de aventura en los senderos, en los r\u00edos o en paredes de roca.<\/li>\n<\/ul>\n<p>&nbsp;<\/p>\n<ul>\n<li><strong>Fotograf\u00eda para hoteles.<\/strong> Tenemos experiencia fotografiando alojamientos, especialmente cuando est\u00e1n ubicados en lugares naturales. Timothy ha fotografiado hoteles - interiores y exteriores - por una d\u00e9cada. Su trabajo destaca los aspectos \u00fanicos de los hoteles, empezando por el ambiente y la personalidad.<\/li>\n<\/ul>\n<p>&nbsp;<\/p>\n<ul>\n<li><strong>Fotograf\u00eda de paisaje y fauna silvestre<\/strong> Nos fascina el mundo natural y lo vemos en su globalidad. Timothy ha sido galardonado varias veces por sus fotos de animales y de paisajes en el conf\u00edn del planeta.<\/li>\n<\/ul>\n<p>&nbsp;<\/p>\n<ul>\n<li><strong>Retratos<\/strong> Nos encanta explorar los misterios que hacen a los humanos \u00fanicos e iguales a la vez, a trav\u00e9s de la fotograf\u00eda de retratos.<\/li>\n<\/ul>\n<\/div>\n\t\t<div class=\"col-12 d-flex justify-content-between py-4\">\n        \t\t\t<div class=\"owl-carousel owl-theme blog-carousel\">\n\t\t\t\t\t\t<img decoding=\"async\" data-src=\"https:\/\/thewildness.org\/wp-content\/uploads\/2024\/06\/imagen_2024-06-22_103038976.png\" class=\"1 lazyload\" alt=\"\" src=\"data:image\/svg+xml;base64,PHN2ZyB3aWR0aD0iMSIgaGVpZ2h0PSIxIiB4bWxucz0iaHR0cDovL3d3dy53My5vcmcvMjAwMC9zdmciPjwvc3ZnPg==\" style=\"--smush-placeholder-width: 920px; --smush-placeholder-aspect-ratio: 920\/894;\" \/><img decoding=\"async\" data-src=\"https:\/\/thewildness.org\/wp-content\/uploads\/2024\/06\/imagen_2024-06-22_103053053.png\" class=\"2 lazyload\" alt=\"\" src=\"data:image\/svg+xml;base64,PHN2ZyB3aWR0aD0iMSIgaGVpZ2h0PSIxIiB4bWxucz0iaHR0cDovL3d3dy53My5vcmcvMjAwMC9zdmciPjwvc3ZnPg==\" style=\"--smush-placeholder-width: 920px; --smush-placeholder-aspect-ratio: 920\/894;\" \/><img decoding=\"async\" data-src=\"https:\/\/thewildness.org\/wp-content\/uploads\/2024\/06\/imagen_2024-06-22_103104312.png\" class=\"3 lazyload\" alt=\"\" src=\"data:image\/svg+xml;base64,PHN2ZyB3aWR0aD0iMSIgaGVpZ2h0PSIxIiB4bWxucz0iaHR0cDovL3d3dy53My5vcmcvMjAwMC9zdmciPjwvc3ZnPg==\" style=\"--smush-placeholder-width: 920px; --smush-placeholder-aspect-ratio: 920\/892;\" \/>\t\t\t\t\t\t<\/div> \n\t\t\t<\/div> \n      \n\t\t\n    <\/div>\n    <div class=\"tab-pane fade\" id=\"tab2\" role=\"tabpanel\" aria-labelledby=\"tab2-tab\">\n      <h3 class='font-size-50-30 fw-bold mb-3 mb-md-5'>Audiovisual<\/h3>\n      <div class='text-ct'><p>Las emociones tienen el poder de cambiar el mundo y es algo incre\u00edblemente cierto cuando se trata de contenido audiovisual. Buscamos historias que exploren la esencia de la aventura mostrando la relaci\u00f3n entre los seres humanos y la naturaleza. Esto es el contenido audiovisual que ofrecemos :<\/p>\n<p>&nbsp;<\/p>\n<ul>\n<li><strong>Empresas de turismo aventura.<\/strong> Nos apasionan las historias en la naturaleza y queremos inspirar a las personas cont\u00e1ndolas de una forma aut\u00e9ntica y emotiva. Dinos qui\u00e9n eres, y te ayudaremos a generar un impacto.<\/li>\n<\/ul>\n<p>&nbsp;<\/p>\n<ul>\n<li><strong>Organizaciones vinculadas a la naturaleza.<\/strong> Si trabajas para una organizaci\u00f3n dedicada a la conservaci\u00f3n de la naturaleza o comprometida con su protecci\u00f3n, te podemos ayudar a construir la inspiraci\u00f3n que est\u00e1s buscando.<\/li>\n<\/ul>\n<p>&nbsp;<\/p>\n<ul>\n<li><strong>Bodas elopement en la Patagonia.<\/strong> Si tomaste la decisi\u00f3n de casarte en modo \u201celopement\u201d en la Patagonia, \u00a1tomaste la decisi\u00f3n correcta! La regi\u00f3n m\u00e1s austral del mundo es un lugar espectacular para hacerlo, y podemos crear un recuerdo para siempre con un hermoso cortometraje.<\/li>\n<\/ul>\n<\/div>\n\t\t<div class=\"col-12 d-flex justify-content-between py-4\">\n        \t\t\t<div class=\"owl-carousel owl-theme blog2-carousel\">\n\t\t\t\t\t\t<img decoding=\"async\" data-src=\"https:\/\/thewildness.org\/wp-content\/uploads\/2024\/06\/imagen_2024-06-22_103210057.png\" src=\"data:image\/svg+xml;base64,PHN2ZyB3aWR0aD0iMSIgaGVpZ2h0PSIxIiB4bWxucz0iaHR0cDovL3d3dy53My5vcmcvMjAwMC9zdmciPjwvc3ZnPg==\" class=\"lazyload\" style=\"--smush-placeholder-width: 920px; --smush-placeholder-aspect-ratio: 920\/894;\" \/><img decoding=\"async\" data-src=\"https:\/\/thewildness.org\/wp-content\/uploads\/2024\/06\/imagen_2024-06-22_103210057.png\" src=\"data:image\/svg+xml;base64,PHN2ZyB3aWR0aD0iMSIgaGVpZ2h0PSIxIiB4bWxucz0iaHR0cDovL3d3dy53My5vcmcvMjAwMC9zdmciPjwvc3ZnPg==\" class=\"lazyload\" style=\"--smush-placeholder-width: 920px; --smush-placeholder-aspect-ratio: 920\/894;\" \/><img decoding=\"async\" data-src=\"https:\/\/thewildness.org\/wp-content\/uploads\/2024\/06\/imagen_2024-06-22_103210057.png\" src=\"data:image\/svg+xml;base64,PHN2ZyB3aWR0aD0iMSIgaGVpZ2h0PSIxIiB4bWxucz0iaHR0cDovL3d3dy53My5vcmcvMjAwMC9zdmciPjwvc3ZnPg==\" class=\"lazyload\" style=\"--smush-placeholder-width: 920px; --smush-placeholder-aspect-ratio: 920\/894;\" \/><img decoding=\"async\" data-src=\"https:\/\/thewildness.org\/wp-content\/uploads\/2024\/06\/imagen_2024-06-22_103210057.png\" src=\"data:image\/svg+xml;base64,PHN2ZyB3aWR0aD0iMSIgaGVpZ2h0PSIxIiB4bWxucz0iaHR0cDovL3d3dy53My5vcmcvMjAwMC9zdmciPjwvc3ZnPg==\" class=\"lazyload\" style=\"--smush-placeholder-width: 920px; --smush-placeholder-aspect-ratio: 920\/894;\" \/>\t\t\t\t\t\t<\/div> \n\t\t\t<\/div>  \n    <\/div>  \n      \n     \n  <\/div>\n<\/div>\n\t<div class=\"row my-5 mx-auto py-5\" style=\"max-width:1500px;\">\n\t\t<div class=\"col-12 d-block justify-content-center text-center\">\n\t\t\t<p >\u00bfQuieres crear contenido juntos?  <\/p>\n\t\t\t<h3 class=\"font-size-70-40 fw-bold text-green mb-4\">Cont\u00e1ctanos!<\/h3>\n\t\t\t<a class=\"btn btn-primary px-4 rounded-pill\" href=\"https:\/\/thewildness.org\/es\/contact\/\">Ir al formulario <i class=\"ms-3 fa-solid fa-chevron-right\" style=\"color: #ffffff;\" aria-hidden=\"true\"><\/i><\/a>\n\t\t<\/div>\n\t<\/div>\t\n  <\/section> \n\r\n\r\n\t\n <section class=\"container\"><!--CT-->\n    <div class=\"row px-1 my-5 py-5\">\n       <div class=\"col-md-10 col-12 mx-auto\">\n\t\t   <img  data-src='https:\/\/thewildness.org\/wp-content\/uploads\/2024\/06\/imagen_2024-06-19_071829422.png' class=\"ms-1 ms-md-5 img-quote lazyload\"  src=\"data:image\/svg+xml;base64,PHN2ZyB3aWR0aD0iMSIgaGVpZ2h0PSIxIiB4bWxucz0iaHR0cDovL3d3dy53My5vcmcvMjAwMC9zdmciPjwvc3ZnPg==\" style=\"--smush-placeholder-width: 234px; --smush-placeholder-aspect-ratio: 234\/178;\">\n          <h2  class=\"text-center fw-bold mb-5 fs-45-30 text-gray\" >Las emociones tienen el poder de cambiar el mundo<\/h2>\n       <\/div>\n       \n    <\/div> \n\t\t<\/section>","protected":false},"excerpt":{"rendered":"","protected":false},"author":1,"featured_media":0,"parent":0,"menu_order":0,"comment_status":"closed","ping_status":"closed","template":"","meta":{"_acf_changed":false,"footnotes":""},"class_list":["post-346","page","type-page","status-publish","hentry"],"acf":[],"yoast_head":"<!-- This site is optimized with the Yoast SEO plugin v25.3.1 - https:\/\/yoast.com\/wordpress\/plugins\/seo\/ -->\n<title>Content Creation - The Wildness<\/title>\n<meta name=\"robots\" content=\"index, follow, max-snippet:-1, max-image-preview:large, max-video-preview:-1\" \/>\n<link rel=\"canonical\" href=\"https:\/\/thewildness.org\/es\/content-creation\/\" \/>\n<meta property=\"og:locale\" content=\"es_ES\" \/>\n<meta property=\"og:type\" content=\"article\" \/>\n<meta property=\"og:title\" content=\"Content Creation - The Wildness\" \/>\n<meta property=\"og:url\" content=\"https:\/\/thewildness.org\/es\/content-creation\/\" \/>\n<meta property=\"og:site_name\" content=\"The Wildness\" \/>\n<meta property=\"article:publisher\" content=\"https:\/\/www.facebook.com\/wildness.org?mibextid=LQQJ4d\" \/>\n<meta property=\"article:modified_time\" content=\"2024-07-14T20:35:34+00:00\" \/>\n<meta name=\"twitter:card\" content=\"summary_large_image\" \/>\n<script type=\"application\/ld+json\" class=\"yoast-schema-graph\">{\"@context\":\"https:\/\/schema.org\",\"@graph\":[{\"@type\":\"WebPage\",\"@id\":\"https:\/\/thewildness.org\/en\/content-creation\/\",\"url\":\"https:\/\/thewildness.org\/en\/content-creation\/\",\"name\":\"Content Creation - The Wildness\",\"isPartOf\":{\"@id\":\"https:\/\/thewildness.org\/#website\"},\"datePublished\":\"2024-06-22T13:22:00+00:00\",\"dateModified\":\"2024-07-14T20:35:34+00:00\",\"breadcrumb\":{\"@id\":\"https:\/\/thewildness.org\/en\/content-creation\/#breadcrumb\"},\"inLanguage\":\"es-CL\",\"potentialAction\":[{\"@type\":\"ReadAction\",\"target\":[\"https:\/\/thewildness.org\/en\/content-creation\/\"]}]},{\"@type\":\"BreadcrumbList\",\"@id\":\"https:\/\/thewildness.org\/en\/content-creation\/#breadcrumb\",\"itemListElement\":[{\"@type\":\"ListItem\",\"position\":1,\"name\":\"Portada\",\"item\":\"https:\/\/thewildness.org\/\"},{\"@type\":\"ListItem\",\"position\":2,\"name\":\"Content Creation\"}]},{\"@type\":\"WebSite\",\"@id\":\"https:\/\/thewildness.org\/#website\",\"url\":\"https:\/\/thewildness.org\/\",\"name\":\"The Wildness\",\"description\":\"\",\"publisher\":{\"@id\":\"https:\/\/thewildness.org\/#organization\"},\"potentialAction\":[{\"@type\":\"SearchAction\",\"target\":{\"@type\":\"EntryPoint\",\"urlTemplate\":\"https:\/\/thewildness.org\/?s={search_term_string}\"},\"query-input\":{\"@type\":\"PropertyValueSpecification\",\"valueRequired\":true,\"valueName\":\"search_term_string\"}}],\"inLanguage\":\"es-CL\"},{\"@type\":\"Organization\",\"@id\":\"https:\/\/thewildness.org\/#organization\",\"name\":\"The Wildness\",\"url\":\"https:\/\/thewildness.org\/\",\"logo\":{\"@type\":\"ImageObject\",\"inLanguage\":\"es-CL\",\"@id\":\"https:\/\/thewildness.org\/#\/schema\/logo\/image\/\",\"url\":null,\"contentUrl\":null,\"width\":null,\"height\":null,\"caption\":\"The Wildness\"},\"image\":{\"@id\":\"https:\/\/thewildness.org\/#\/schema\/logo\/image\/\"},\"sameAs\":[\"https:\/\/www.facebook.com\/wildness.org?mibextid=LQQJ4d\",\"https:\/\/www.instagram.com\/wildness_org\/\"]}]}<\/script>\n<!-- \/ Yoast SEO plugin. -->","yoast_head_json":{"title":"Content Creation - The Wildness","robots":{"index":"index","follow":"follow","max-snippet":"max-snippet:-1","max-image-preview":"max-image-preview:large","max-video-preview":"max-video-preview:-1"},"canonical":"https:\/\/thewildness.org\/es\/content-creation\/","og_locale":"es_ES","og_type":"article","og_title":"Content Creation - The Wildness","og_url":"https:\/\/thewildness.org\/es\/content-creation\/","og_site_name":"The Wildness","article_publisher":"https:\/\/www.facebook.com\/wildness.org?mibextid=LQQJ4d","article_modified_time":"2024-07-14T20:35:34+00:00","twitter_card":"summary_large_image","schema":{"@context":"https:\/\/schema.org","@graph":[{"@type":"WebPage","@id":"https:\/\/thewildness.org\/en\/content-creation\/","url":"https:\/\/thewildness.org\/en\/content-creation\/","name":"Content Creation - The Wildness","isPartOf":{"@id":"https:\/\/thewildness.org\/#website"},"datePublished":"2024-06-22T13:22:00+00:00","dateModified":"2024-07-14T20:35:34+00:00","breadcrumb":{"@id":"https:\/\/thewildness.org\/en\/content-creation\/#breadcrumb"},"inLanguage":"es-CL","potentialAction":[{"@type":"ReadAction","target":["https:\/\/thewildness.org\/en\/content-creation\/"]}]},{"@type":"BreadcrumbList","@id":"https:\/\/thewildness.org\/en\/content-creation\/#breadcrumb","itemListElement":[{"@type":"ListItem","position":1,"name":"Portada","item":"https:\/\/thewildness.org\/"},{"@type":"ListItem","position":2,"name":"Content Creation"}]},{"@type":"WebSite","@id":"https:\/\/thewildness.org\/#website","url":"https:\/\/thewildness.org\/","name":"The Wildness","description":"","publisher":{"@id":"https:\/\/thewildness.org\/#organization"},"potentialAction":[{"@type":"SearchAction","target":{"@type":"EntryPoint","urlTemplate":"https:\/\/thewildness.org\/?s={search_term_string}"},"query-input":{"@type":"PropertyValueSpecification","valueRequired":true,"valueName":"search_term_string"}}],"inLanguage":"es-CL"},{"@type":"Organization","@id":"https:\/\/thewildness.org\/#organization","name":"The Wildness","url":"https:\/\/thewildness.org\/","logo":{"@type":"ImageObject","inLanguage":"es-CL","@id":"https:\/\/thewildness.org\/#\/schema\/logo\/image\/","url":null,"contentUrl":null,"width":null,"height":null,"caption":"The Wildness"},"image":{"@id":"https:\/\/thewildness.org\/#\/schema\/logo\/image\/"},"sameAs":["https:\/\/www.facebook.com\/wildness.org?mibextid=LQQJ4d","https:\/\/www.instagram.com\/wildness_org\/"]}]}},"_links":{"self":[{"href":"https:\/\/thewildness.org\/es\/wp-json\/wp\/v2\/pages\/346","targetHints":{"allow":["GET"]}}],"collection":[{"href":"https:\/\/thewildness.org\/es\/wp-json\/wp\/v2\/pages"}],"about":[{"href":"https:\/\/thewildness.org\/es\/wp-json\/wp\/v2\/types\/page"}],"author":[{"embeddable":true,"href":"https:\/\/thewildness.org\/es\/wp-json\/wp\/v2\/users\/1"}],"replies":[{"embeddable":true,"href":"https:\/\/thewildness.org\/es\/wp-json\/wp\/v2\/comments?post=346"}],"version-history":[{"count":15,"href":"https:\/\/thewildness.org\/es\/wp-json\/wp\/v2\/pages\/346\/revisions"}],"predecessor-version":[{"id":721,"href":"https:\/\/thewildness.org\/es\/wp-json\/wp\/v2\/pages\/346\/revisions\/721"}],"wp:attachment":[{"href":"https:\/\/thewildness.org\/es\/wp-json\/wp\/v2\/media?parent=346"}],"curies":[{"name":"wp","href":"https:\/\/api.w.org\/{rel}","templated":true}]}}